{"id":10,"date":"2016-11-24T11:54:42","date_gmt":"2016-11-24T13:54:42","guid":{"rendered":"http:\/\/150.164.80.212:8084\/fisica\/\/?page_id=10"},"modified":"2020-10-10T01:44:17","modified_gmt":"2020-10-10T04:44:17","slug":"contato","status":"publish","type":"page","link":"https:\/\/sites.igc.ufmg.br\/posgeol\/contato\/","title":{"rendered":"Contato"},"content":{"rendered":"<p><span style=\"color: #414042;\"><span style=\"line-height: 19pt; font-family: arial, helvetica, sans-serif; font-size: 13pt;\">O atendimento interno e externo, presencial ou n\u00e3o, \u00e9 realizado na <span style=\"color: #800000;\"><strong>Secretaria do Colegiado do Programa de P\u00f3s-gradua\u00e7\u00e3o em Geologia (PPGEOL) da UFMG<\/strong><\/span>, de 2\u00aa a 6\u00aa feira, sempre no per\u00edodo da tarde, das 13h \u00e0s 16h, na sala 3046, localizada no 3\u00ba andar do Instituto de Geoci\u00eancias (IGC). Nos demais hor\u00e1rios, a sala est\u00e1 fechada para trabalhos internos das Secretarias dos Programas de P\u00f3s-gradua\u00e7\u00e3o do IGC\/UFMG. <\/span><\/span><\/p>\n<p><span style=\"color: #414042;\"><span style=\"line-height: 19pt; font-family: arial, helvetica, sans-serif; font-size: 13pt;\">As atividades da Secretaria do <\/span><\/span><span style=\"color: #414042;\"><span style=\"line-height: 19pt; font-family: arial, helvetica, sans-serif; font-size: 13pt;\">PPGEOL\/UFMG, em conformidade com Of\u00edcio Circular N\u00ba 11\/2020 da Pr\u00f3-reitoria de Recursos Humanos (PRORH) da UFMG, est\u00e3o sendo realizadas remotamente, como medida de preven\u00e7\u00e3o decorrente do coronav\u00edrus (COVID-19). <strong><span style=\"color: #800000;\">O atendimento presencial ser\u00e1 restabelecido conforme determina\u00e7\u00e3o da Reitoria e da PRORH da Universidade.<\/span><\/strong><\/span><\/span><\/p>\n<p><span style=\"line-height: 17pt; font-family: arial, helvetica, sans-serif; font-size: 13pt;\"><span style=\"color: #414042;\"><strong><span style=\"color: #5e5c5c;\"><span style=\"line-height: 17pt; font-family: arial, helvetica, sans-serif; font-size: 13pt;\">Telefone:<\/span> <\/span><\/strong>(31) 3409-5494<br \/>\n<strong><span style=\"color: #5e5c5c;\"><span style=\"line-height: 17pt; font-family: arial, helvetica, sans-serif; font-size: 13pt;\">E-mail<\/span>:<\/span><\/strong> posgeol@igc.ufmg.br<br \/>\n<strong><span style=\"color: #5e5c5c;\"><span style=\"line-height: 17pt; font-family: arial, helvetica, sans-serif; font-size: 13pt;\">Endere\u00e7o postal<\/span>:<\/span><\/strong><br \/>\n<span style=\"line-height: 17pt; font-family: arial, helvetica, sans-serif; font-size: 13pt;\">Programa de P\u00f3s-gradua\u00e7\u00e3o em Geologia<\/span><br \/>\n<span style=\"line-height: 17pt; font-family: arial, helvetica, sans-serif; font-size: 13pt;\">Universidade Federal de Minas Gerais \u2013 Campus da Pampulha <\/span><br \/>\n<span style=\"line-height: 17pt; font-family: arial, helvetica, sans-serif; font-size: 13pt;\">Instituto de Geoci\u00eancias (IGC)<\/span><br \/>\n<span style=\"line-height: 17pt; font-family: arial, helvetica, sans-serif; font-size: 13pt;\">Av. Ant\u00f4nio Carlos, 6.627 \u2013 Pr\u00e9dio do IGC \u2013 Sala 3046 \u2013 3\u00ba andar \u2013 Pampulha<\/span><br \/>\n<span style=\"line-height: 17pt; font-family: arial, helvetica, sans-serif; font-size: 13pt;\">CEP: 31270-901 \u2013 Belo Horizonte \u2013 MG \u2013 Brasil<\/span><br \/>\n<\/span><\/span><\/p>\n<link rel='stylesheet' id='formidable-css' href='https:\/\/sites.igc.ufmg.br\/posgeol\/wp-content\/plugins\/formidable\/css\/formidableforms.css?ver=3312031' type='text\/css' media='all' \/>\n<div class=\"frm_forms  with_frm_style frm_style_formidable-style\" id=\"frm_form_6_container\" >\n<form enctype=\"multipart\/form-data\" method=\"post\" class=\"frm-show-form \" id=\"form_y4070\" >\n<div class=\"frm_form_fields \">\n<fieldset>\n<legend class=\"frm_hidden\">Contato<\/legend>\r\n\r\n<div class=\"frm_fields_container\">\n<input type=\"hidden\" name=\"frm_action\" value=\"create\" \/>\n<input type=\"hidden\" name=\"form_id\" value=\"6\" \/>\n<input type=\"hidden\" name=\"frm_hide_fields_6\" id=\"frm_hide_fields_6\" value=\"\" \/>\n<input type=\"hidden\" name=\"form_key\" value=\"y4070\" \/>\n<input type=\"hidden\" name=\"item_meta[0]\" value=\"\" \/>\n<input type=\"hidden\" id=\"frm_submit_entry_6\" name=\"frm_submit_entry_6\" value=\"b9a3136830\" \/><input type=\"hidden\" name=\"_wp_http_referer\" value=\"\/posgeol\/wp-json\/wp\/v2\/pages\/10\" \/><div id=\"frm_field_32_container\" class=\"frm_form_field form-field  frm_required_field frm_top_container\">\r\n    <label for=\"field_fefu1\" class=\"frm_primary_label\">Nome:\r\n        <span class=\"frm_required\">*<\/span>\r\n    <\/label>\r\n    <input type=\"text\" id=\"field_fefu1\" name=\"item_meta[32]\" value=\"\"  data-reqmsg=\"Esse campo n\u00e3o pode ser em branco.\" aria-required=\"true\" data-invmsg=\"Nome: \u00e9 inv\u00e1lido\" aria-invalid=\"false\"  \/>\r\n    \r\n    \r\n<\/div>\n<div id=\"frm_field_33_container\" class=\"frm_form_field form-field  frm_required_field frm_top_container\">\r\n    <label for=\"field_cyz7o\" class=\"frm_primary_label\">Email:\r\n        <span class=\"frm_required\">*<\/span>\r\n    <\/label>\r\n    <input type=\"email\" id=\"field_cyz7o\" name=\"item_meta[33]\" value=\"\"  data-reqmsg=\"Esse campo n\u00e3o pode ser em branco.\" aria-required=\"true\" data-invmsg=\"Email: \u00e9 inv\u00e1lido\" aria-invalid=\"false\"  \/>\r\n    \r\n    \r\n<\/div>\n<div id=\"frm_field_34_container\" class=\"frm_form_field form-field  frm_required_field frm_top_container\">\r\n    <label for=\"field_cuawr\" class=\"frm_primary_label\">Assunto:\r\n        <span class=\"frm_required\">*<\/span>\r\n    <\/label>\r\n    <input type=\"text\" id=\"field_cuawr\" name=\"item_meta[34]\" value=\"\"  data-reqmsg=\"Esse campo n\u00e3o pode ser em branco.\" aria-required=\"true\" data-invmsg=\"Assunto: \u00e9 inv\u00e1lido\" aria-invalid=\"false\"  \/>\r\n    \r\n    \r\n<\/div>\n<div id=\"frm_field_35_container\" class=\"frm_form_field form-field  frm_required_field frm_top_container\">\r\n    <label for=\"field_yabj5\" class=\"frm_primary_label\">Mensagem:\r\n        <span class=\"frm_required\">*<\/span>\r\n    <\/label>\r\n    <textarea name=\"item_meta[35]\" id=\"field_yabj5\" rows=\"5\"  data-reqmsg=\"Esse campo n\u00e3o pode ser em branco.\" aria-required=\"true\" data-invmsg=\"Mensagem: \u00e9 inv\u00e1lido\" aria-invalid=\"false\"  ><\/textarea>\r\n    \r\n    \r\n<\/div>\n\t<input type=\"hidden\" name=\"item_key\" value=\"\" \/>\n\t<div class=\"frm_submit\">\r\n\r\n<input type=\"submit\" value=\"Enviar\"  \/>\r\n<img decoding=\"async\" class=\"frm_ajax_loading\" src=\"https:\/\/sites.igc.ufmg.br\/posgeol\/wp-content\/plugins\/formidable\/images\/ajax_loader.gif\" alt=\"Enviando\"\/>\r\n\r\n<\/div><\/div>\n<\/fieldset>\n<\/div>\n\n<\/form>\n<\/div>\n\n","protected":false},"excerpt":{"rendered":"<p>O atendimento interno e externo, presencial ou n\u00e3o, \u00e9 realizado na Secretaria do Colegiado do Programa de P\u00f3s-gradua\u00e7\u00e3o em Geologia (PPGEOL) da UFMG, de 2\u00aa a 6\u00aa feira, sempre no per\u00edodo da tarde, das 13h \u00e0s 16h, na sala 3046, localizada no 3\u00ba andar do Instituto de Geoci\u00eancias (IGC). Nos demais hor\u00e1rios, a sala est\u00e1 [&hellip;]<\/p>\n","protected":false},"author":1,"featured_media":0,"parent":0,"menu_order":0,"comment_status":"closed","ping_status":"closed","template":"","meta":{"_acf_changed":false,"footnotes":""},"categories":[],"class_list":["post-10","page","type-page","status-publish","hentry"],"acf":[],"_links":{"self":[{"href":"https:\/\/sites.igc.ufmg.br\/posgeol\/wp-json\/wp\/v2\/pages\/10","targetHints":{"allow":["GET"]}}],"collection":[{"href":"https:\/\/sites.igc.ufmg.br\/posgeol\/wp-json\/wp\/v2\/pages"}],"about":[{"href":"https:\/\/sites.igc.ufmg.br\/posgeol\/wp-json\/wp\/v2\/types\/page"}],"author":[{"embeddable":true,"href":"https:\/\/sites.igc.ufmg.br\/posgeol\/wp-json\/wp\/v2\/users\/1"}],"replies":[{"embeddable":true,"href":"https:\/\/sites.igc.ufmg.br\/posgeol\/wp-json\/wp\/v2\/comments?post=10"}],"version-history":[{"count":26,"href":"https:\/\/sites.igc.ufmg.br\/posgeol\/wp-json\/wp\/v2\/pages\/10\/revisions"}],"predecessor-version":[{"id":2310,"href":"https:\/\/sites.igc.ufmg.br\/posgeol\/wp-json\/wp\/v2\/pages\/10\/revisions\/2310"}],"wp:attachment":[{"href":"https:\/\/sites.igc.ufmg.br\/posgeol\/wp-json\/wp\/v2\/media?parent=10"}],"wp:term":[{"taxonomy":"category","embeddable":true,"href":"https:\/\/sites.igc.ufmg.br\/posgeol\/wp-json\/wp\/v2\/categories?post=10"}],"curies":[{"name":"wp","href":"https:\/\/api.w.org\/{rel}","templated":true}]}}