{"id":1008,"date":"2020-01-31T19:26:53","date_gmt":"2020-01-31T22:26:53","guid":{"rendered":"https:\/\/sites.igc.ufmg.br\/posgeol\/?page_id=1008\/"},"modified":"2021-01-06T00:03:05","modified_gmt":"2021-01-06T03:03:05","slug":"areas-de-concentracao","status":"publish","type":"page","link":"https:\/\/sites.igc.ufmg.br\/posgeol\/cursos\/areas-de-concentracao\/","title":{"rendered":"\u00c1reas de concentra\u00e7\u00e3o"},"content":{"rendered":"<p><span style=\"line-height: 18pt; font-family: arial, helvetica, sans-serif; font-size: 12pt;\"><span style=\"color: #414042;\">Os cursos de Mestrado e Doutorado ofertados pelo <strong><span style=\"color: #c90e0e;\">Programa de P\u00f3s-gradua\u00e7\u00e3o em Geologia (PPGEOL) da UFMG<\/span><\/strong>, seguindo as Normas Gerais da P\u00f3s-gradua\u00e7\u00e3o da Universidade, estruturam-se nas \u00e1reas de concentra\u00e7\u00e3o <span style=\"color: #800000;\"><span style=\"color: #c90e0e;\"><strong>Geologia Regional <\/strong><\/span><span style=\"color: #333333;\">e<\/span> <strong><span style=\"color: #c90e0e;\">Geologia Econ\u00f4mica e Aplicada<\/span><\/strong><\/span>, campos espec\u00edficos do conhecimento que constituem o objeto de estudo dos cursos, al\u00e9m de linhas de pesquisas, que estabelecem as diretrizes de investiga\u00e7\u00e3o, dotadas de identidades pr\u00f3prias e coerentes com a proposta acad\u00eamica dos cursos.<\/span><\/span><\/p>\n<p><span style=\"line-height: 18pt; font-family: arial, helvetica, sans-serif; font-size: 12pt;\"><span style=\"color: #414042;\">As duas \u00e1reas de concentra\u00e7\u00e3o e suas linhas de pesquisa s\u00e3o apoiadas por atividades acad\u00eamicas consideradas necess\u00e1rias \u00e0 forma\u00e7\u00e3o de mestres e doutores(as) em Geologia. A \u00e1rea de concentra\u00e7\u00e3o <strong><span style=\"color: #c90e0e;\">Geologia Regional<\/span><\/strong>, que tem por finalidade o conhecimento da geologia b\u00e1sica de determinada regi\u00e3o, indicando poss\u00edveis s\u00edtios para estudos mais detalhados, <strong><span style=\"color: #c90e0e;\">agrega as 7 (sete) linhas de pesquisa<\/span><\/strong> descritas abaixo:<\/span><\/span><\/p>\n<p><span style=\"font-family: arial, helvetica, sans-serif; font-size: 8pt;\"><img loading=\"lazy\" decoding=\"async\" class=\"alignnone size-large wp-image-2325\" src=\"https:\/\/sites.igc.ufmg.br\/posgeol\/wp-content\/uploads\/2020\/10\/Linhas-de-pesquisa-1-final-683x1024.png\" alt=\"\" width=\"683\" height=\"1024\" srcset=\"https:\/\/sites.igc.ufmg.br\/posgeol\/wp-content\/uploads\/2020\/10\/Linhas-de-pesquisa-1-final-683x1024.png 683w, https:\/\/sites.igc.ufmg.br\/posgeol\/wp-content\/uploads\/2020\/10\/Linhas-de-pesquisa-1-final-200x300.png 200w, https:\/\/sites.igc.ufmg.br\/posgeol\/wp-content\/uploads\/2020\/10\/Linhas-de-pesquisa-1-final-768x1152.png 768w, https:\/\/sites.igc.ufmg.br\/posgeol\/wp-content\/uploads\/2020\/10\/Linhas-de-pesquisa-1-final.png 794w\" sizes=\"auto, (max-width: 683px) 100vw, 683px\" \/><\/span><\/p>\n<p><span style=\"line-height: 18pt; font-family: arial, helvetica, sans-serif; font-size: 12pt;\"><span style=\"color: #414042;\">A \u00e1rea de concentra\u00e7\u00e3o <strong><span style=\"color: #c90e0e;\">Geologia Econ\u00f4mica e Aplicada<\/span><\/strong>, por sua vez, re\u00fane linhas de pesquisa sobre o detalhamento metalogen\u00e9tico dos dep\u00f3sitos conhecidos, bem como poss\u00edveis problemas decorrentes da implanta\u00e7\u00e3o, desenvolvimento e fechamento das jazidas. Al\u00e9m das linhas aplicadas, as principais dizem respeito \u00e0 \u00e1gua subterr\u00e2nea, geotecnia e mitiga\u00e7\u00e3o de poss\u00edveis danos ambientais pr\u00f3ximos ou distantes das instala\u00e7\u00f5es miner\u00e1rias. S\u00e3o, no total, <span style=\"color: #ff0000;\"><strong><span style=\"color: #c90e0e;\">9 (nove) linhas de pesquisas<\/span><\/strong><\/span>, que est\u00e3o relacionadas a seguir<\/span>:<\/span><\/p>\n<p><span style=\"font-family: arial, helvetica, sans-serif; font-size: 8pt;\"><img loading=\"lazy\" decoding=\"async\" class=\"alignnone wp-image-2330\" src=\"https:\/\/sites.igc.ufmg.br\/posgeol\/wp-content\/uploads\/2020\/10\/Linhas-de-pesquisa-2-finall2-489x1024.png\" alt=\"\" width=\"683\" height=\"1431\" srcset=\"https:\/\/sites.igc.ufmg.br\/posgeol\/wp-content\/uploads\/2020\/10\/Linhas-de-pesquisa-2-finall2-489x1024.png 489w, https:\/\/sites.igc.ufmg.br\/posgeol\/wp-content\/uploads\/2020\/10\/Linhas-de-pesquisa-2-finall2-143x300.png 143w, https:\/\/sites.igc.ufmg.br\/posgeol\/wp-content\/uploads\/2020\/10\/Linhas-de-pesquisa-2-finall2-768x1610.png 768w, https:\/\/sites.igc.ufmg.br\/posgeol\/wp-content\/uploads\/2020\/10\/Linhas-de-pesquisa-2-finall2-733x1536.png 733w, https:\/\/sites.igc.ufmg.br\/posgeol\/wp-content\/uploads\/2020\/10\/Linhas-de-pesquisa-2-finall2-977x2048.png 977w, https:\/\/sites.igc.ufmg.br\/posgeol\/wp-content\/uploads\/2020\/10\/Linhas-de-pesquisa-2-finall2.png 1587w\" sizes=\"auto, (max-width: 683px) 100vw, 683px\" \/><\/span><\/p>\n<p><span style=\"line-height: 18pt; font-family: arial, helvetica, sans-serif; font-size: 12pt;\"><span style=\"color: #414042;\">Entrela\u00e7adas aos objetivos, \u00e0 infraestrutura laboratorial e \u00e0 forma\u00e7\u00e3o do corpo docente e discente do PPGEOL\/UFMG, as \u00e1reas de concentra\u00e7\u00e3o Geologia Regional e Geologia Econ\u00f4mica e Aplicada e suas respectivas linhas de pesquisa respondem a uma voca\u00e7\u00e3o regional do Estado de Minas Gerais, que possui forte tradi\u00e7\u00e3o mineradora, atendendo, por exemplo, toda cadeia geradora de novos dep\u00f3sitos, os desdobramentos econ\u00f4micos envolvidos caso venham a se tornar minas, al\u00e9m das mitiga\u00e7\u00f5es dos impactos ambientais, manejo dos recursos h\u00eddricos, entre outros. <\/span><\/span><\/p>\n<p><span style=\"font-size: 10pt;\"><span style=\"line-height: 19pt; font-family: arial, helvetica, sans-serif;\"><span style=\"line-height: 11pt; font-family: arial, helvetica, sans-serif;\"><strong>Fonte:<\/strong><\/span><\/span><\/span><span style=\"color: #414042; font-size: 10pt;\"><span style=\"line-height: 19pt; font-family: arial, helvetica, sans-serif;\"><span style=\"line-height: 17pt; font-family: arial, helvetica, sans-serif;\"><span style=\"color: #414042;\"> Plataforma Sucupira da Capes*<\/span><br \/><em><span style=\"color: #5e5c5c;\"><b>*<\/b><span style=\"font-family: arial, helvetica, sans-serif; color: #414042;\">A p\u00e1gina ser\u00e1 atualizada periodicamente, conforme novas informa\u00e7\u00f5es forem inseridas na Plataforma Sucupira da Capes.<\/span><\/span><\/em><br \/><\/span><\/span><\/span><\/p>\n\n\n<p><\/p>\n","protected":false},"excerpt":{"rendered":"<p>Os cursos de Mestrado e Doutorado ofertados pelo Programa de P\u00f3s-gradua\u00e7\u00e3o em Geologia (PPGEOL) da UFMG, seguindo as Normas Gerais da P\u00f3s-gradua\u00e7\u00e3o da Universidade, estruturam-se nas \u00e1reas de concentra\u00e7\u00e3o Geologia Regional e Geologia Econ\u00f4mica e Aplicada, campos espec\u00edficos do conhecimento que constituem o objeto de estudo dos cursos, al\u00e9m de linhas de pesquisas, que estabelecem [&hellip;]<\/p>\n","protected":false},"author":2,"featured_media":0,"parent":841,"menu_order":0,"comment_status":"closed","ping_status":"closed","template":"","meta":{"_acf_changed":false,"footnotes":""},"categories":[],"class_list":["post-1008","page","type-page","status-publish","hentry"],"acf":[],"_links":{"self":[{"href":"https:\/\/sites.igc.ufmg.br\/posgeol\/wp-json\/wp\/v2\/pages\/1008","targetHints":{"allow":["GET"]}}],"collection":[{"href":"https:\/\/sites.igc.ufmg.br\/posgeol\/wp-json\/wp\/v2\/pages"}],"about":[{"href":"https:\/\/sites.igc.ufmg.br\/posgeol\/wp-json\/wp\/v2\/types\/page"}],"author":[{"embeddable":true,"href":"https:\/\/sites.igc.ufmg.br\/posgeol\/wp-json\/wp\/v2\/users\/2"}],"replies":[{"embeddable":true,"href":"https:\/\/sites.igc.ufmg.br\/posgeol\/wp-json\/wp\/v2\/comments?post=1008"}],"version-history":[{"count":67,"href":"https:\/\/sites.igc.ufmg.br\/posgeol\/wp-json\/wp\/v2\/pages\/1008\/revisions"}],"predecessor-version":[{"id":2502,"href":"https:\/\/sites.igc.ufmg.br\/posgeol\/wp-json\/wp\/v2\/pages\/1008\/revisions\/2502"}],"up":[{"embeddable":true,"href":"https:\/\/sites.igc.ufmg.br\/posgeol\/wp-json\/wp\/v2\/pages\/841"}],"wp:attachment":[{"href":"https:\/\/sites.igc.ufmg.br\/posgeol\/wp-json\/wp\/v2\/media?parent=1008"}],"wp:term":[{"taxonomy":"category","embeddable":true,"href":"https:\/\/sites.igc.ufmg.br\/posgeol\/wp-json\/wp\/v2\/categories?post=1008"}],"curies":[{"name":"wp","href":"https:\/\/api.w.org\/{rel}","templated":true}]}}