{"id":1024,"date":"2020-02-16T21:05:37","date_gmt":"2020-02-17T00:05:37","guid":{"rendered":"https:\/\/sites.igc.ufmg.br\/posgeol\/?page_id=1024\/"},"modified":"2021-01-06T00:21:01","modified_gmt":"2021-01-06T03:21:01","slug":"parcerias","status":"publish","type":"page","link":"https:\/\/sites.igc.ufmg.br\/posgeol\/projetos-e-parcerias\/parcerias\/","title":{"rendered":"Parcerias"},"content":{"rendered":"<p>O Programa de P\u00f3s-gradua\u00e7\u00e3o em Geologia da UFMG mant\u00e9m, tradicionalmente, parcerias com universidades brasileiras e estrangeiras, que fortalecem a pesquisa acad\u00eamica, a troca de conhecimento e aprimora a atua\u00e7\u00e3o dos professores e estudantes. Por meio de iniciativas de internacionaliza\u00e7\u00e3o, como o CAPESPrint, o PDSE, Conv\u00eanios de Cotutela, PADO e PADOC, o Programa promove o interc\u00e2mbio de docentes e discentes entre institui\u00e7\u00f5es de ensino da Alemanha, Argentina, Austr\u00e1lia, B\u00e9lgica, Canad\u00e1, Col\u00f4mbia, Espanha, Estados Unidos, It\u00e1lia, Portugal, Reino Unido, Su\u00ed\u00e7a, entre outros pa\u00edses.<\/p>\n<p>O suporte anal\u00edtico para os projetos de Mestrado e Doutorado \u00e9 fornecido pelos laborat\u00f3rios e trabalhos de campo do pr\u00f3prio <a href=\"http:\/\/www.igc.ufmg.br\/\" target=\"_blank\" rel=\"noopener noreferrer\">IGC<\/a>, do <a href=\"http:\/\/cpmtc-igc-ufmg.org\/\" target=\"_blank\" rel=\"noopener noreferrer\">Centro de Pesquisa Professor Manuel Teixeira da Costa (CPMTC\/IGC)<\/a>, departamentos e laborat\u00f3rios de diversas Unidades da UFMG. Os projetos de pesquisas dos docentes t\u00eam sido financiados por ag\u00eancias e programas como PADCT, PIBIC, FINEP, FAPEMIG, CNPq, PRPq-UFMG, CAPES-DAAD, CAPES-COFECUB, PROGRAMA ALFA, dentre outros, e por conv\u00eanios e acordos mantidos com empresas p\u00fablicas e privadas como CPRM, ICMBio, Vale, AngloGold Ashanti, Angloamerican, Petrobr\u00e1s, Federa\u00e7\u00e3o das Ind\u00fastrias de Minas Gerais (FIEMG), atrav\u00e9s de bolsas, apoio log\u00edstico e de projetos em parceria.<\/p>\n<p>A P\u00f3s-gradua\u00e7\u00e3o em Geologia da UFMG mant\u00e9m forte integra\u00e7\u00e3o com o Departamento de Gradua\u00e7\u00e3o ofertando disciplinas optativas, ministradas pelos docentes credenciados, para graduandos em Geologia do IGC, al\u00e9m de outros cursos atendidos pelo departamento, como Engenharia de Minas, Engenharia Civil, Biologia, Qu\u00edmica, Geografia e Ci\u00eancias S\u00f3cio-ambientais. Al\u00e9m da oferta de disciplinas e de eventos acad\u00eamicos, o Programa de bolsas de Inicia\u00e7\u00e3o Cient\u00edfica (Pibic) tamb\u00e9m possibilita a participa\u00e7\u00e3o conjunta de alunos da gradua\u00e7\u00e3o e da p\u00f3s-gradua\u00e7\u00e3o no desenvolvimento de projetos de pesquisa.<\/p>\n","protected":false},"excerpt":{"rendered":"<p>O Programa de P\u00f3s-gradua\u00e7\u00e3o em Geologia da UFMG mant\u00e9m, tradicionalmente, parcerias com universidades brasileiras e estrangeiras, que fortalecem a pesquisa acad\u00eamica, a troca de conhecimento e aprimora a atua\u00e7\u00e3o dos professores e estudantes. Por meio de iniciativas de internacionaliza\u00e7\u00e3o, como o CAPESPrint, o PDSE, Conv\u00eanios de Cotutela, PADO e PADOC, o Programa promove o interc\u00e2mbio [&hellip;]<\/p>\n","protected":false},"author":2,"featured_media":0,"parent":847,"menu_order":0,"comment_status":"closed","ping_status":"closed","template":"","meta":{"_acf_changed":false,"footnotes":""},"categories":[],"class_list":["post-1024","page","type-page","status-publish","hentry"],"acf":[],"_links":{"self":[{"href":"https:\/\/sites.igc.ufmg.br\/posgeol\/wp-json\/wp\/v2\/pages\/1024","targetHints":{"allow":["GET"]}}],"collection":[{"href":"https:\/\/sites.igc.ufmg.br\/posgeol\/wp-json\/wp\/v2\/pages"}],"about":[{"href":"https:\/\/sites.igc.ufmg.br\/posgeol\/wp-json\/wp\/v2\/types\/page"}],"author":[{"embeddable":true,"href":"https:\/\/sites.igc.ufmg.br\/posgeol\/wp-json\/wp\/v2\/users\/2"}],"replies":[{"embeddable":true,"href":"https:\/\/sites.igc.ufmg.br\/posgeol\/wp-json\/wp\/v2\/comments?post=1024"}],"version-history":[{"count":2,"href":"https:\/\/sites.igc.ufmg.br\/posgeol\/wp-json\/wp\/v2\/pages\/1024\/revisions"}],"predecessor-version":[{"id":1559,"href":"https:\/\/sites.igc.ufmg.br\/posgeol\/wp-json\/wp\/v2\/pages\/1024\/revisions\/1559"}],"up":[{"embeddable":true,"href":"https:\/\/sites.igc.ufmg.br\/posgeol\/wp-json\/wp\/v2\/pages\/847"}],"wp:attachment":[{"href":"https:\/\/sites.igc.ufmg.br\/posgeol\/wp-json\/wp\/v2\/media?parent=1024"}],"wp:term":[{"taxonomy":"category","embeddable":true,"href":"https:\/\/sites.igc.ufmg.br\/posgeol\/wp-json\/wp\/v2\/categories?post=1024"}],"curies":[{"name":"wp","href":"https:\/\/api.w.org\/{rel}","templated":true}]}}