{"id":1994,"date":"2020-09-25T01:45:24","date_gmt":"2020-09-25T04:45:24","guid":{"rendered":"https:\/\/sites.igc.ufmg.br\/posgeol\/?page_id=1994\/"},"modified":"2021-01-08T19:14:11","modified_gmt":"2021-01-08T22:14:11","slug":"forma-de-ingresso-no-programa","status":"publish","type":"page","link":"https:\/\/sites.igc.ufmg.br\/posgeol\/processos-seletivos\/forma-de-ingresso-no-programa\/","title":{"rendered":"Forma de ingresso no Programa"},"content":{"rendered":"\n<div class=\"wp-block-group\"><div class=\"wp-block-group__inner-container is-layout-flow wp-block-group-is-layout-flow\">\n<div class=\"wp-block-group\"><div class=\"wp-block-group__inner-container is-layout-flow wp-block-group-is-layout-flow\">\n<div class=\"wp-block-group\"><div class=\"wp-block-group__inner-container is-layout-flow wp-block-group-is-layout-flow\">\n<p style=\"font-size:12px\"><span style=\"line-height: 18pt; font-family: arial, helvetica, sans-serif; font-size: 12pt;\"><span style=\"color: #414042;\">Interessados em ingressar nos cursos de mestrado e doutorado do <span style=\"color: #c90e0e;\"><strong>Programa de P\u00f3s-gradua\u00e7\u00e3o em Geologia (PPGEOL) <\/strong><\/span><\/span><\/span><span style=\"line-height: 18pt; font-family: arial, helvetica, sans-serif; font-size: 12pt;\">da UFMG<\/span><span style=\"color: #414042;\"><span style=\"line-height: 18pt; font-family: arial, helvetica, sans-serif; font-size: 12pt;\"> dever\u00e3o primeiro, em conformidade com as Normas Gerais da P\u00f3s-gradua\u00e7\u00e3o (PRPg) da Universidade, inscrever-se no processo seletivo, aberto a graduados em Geologia e \u00e1reas afins, regido por edital espec\u00edfico elaborado pelo Colegiado e aprovado pela PRPg\/UFMG<\/span><\/span>.<\/p>\n\n\n\n<p style=\"font-size:12px\"><span style=\"line-height: 18pt; font-family: arial, helvetica, sans-serif; font-size: 12pt;\"><span style=\"color: #414042;\">Os processos seletivos para entrada nos cursos de mestrado e doutorado do PPGEOL\/UFMG s\u00e3o regidos por dois tipos de editais: o <span style=\"color: #800000;\"><span style=\"color: #c90e0e;\"><strong>regular<\/strong><\/span><span style=\"color: #414042;\">, cujas vagas destinam-se \u00e0 <strong><span style=\"color: #c90e0e;\">ampla concorr\u00eancia<\/span><\/strong> e reserva para <strong><span style=\"color: #c90e0e;\">candidatos autodeclarados negros<\/span><\/strong>, conforme Resolu\u00e7\u00e3o n\u00ba 02\/2017, de 04 de abril de 2017, do Conselho de Ensino, Pesquisa e Extens\u00e3o (Cepe) da UFMG, e o <\/span><strong><span style=\"color: #c90e0e;\">suplementar<\/span><\/strong><\/span>, direcionado a <strong><span style=\"color: #c90e0e;\">ind\u00edgenas<\/span><\/strong> e<strong><span style=\"color: #c90e0e;\"> pessoas com defici\u00eancia (PcD) <\/span><\/strong><\/span><\/span><span style=\"color: #414042;\"><span style=\"line-height: 18pt; font-family: arial, helvetica, sans-serif; font-size: 12pt;\">tamb\u00e9m em cumprimento \u00e0 Resolu\u00e7\u00e3o n\u00ba 02\/2017<\/span><\/span><span style=\"color: #414042;\"><span style=\"line-height: 18pt; font-family: arial, helvetica, sans-serif; font-size: 12pt;\"> do Cepe, <span style=\"line-height: 18pt; font-family: arial, helvetica, sans-serif; font-size: 12pt;\"><span style=\"color: #800000;\"><span style=\"color: #414042;\">que disp\u00f5e sobre a Pol\u00edtica de A\u00e7\u00f5es Afirmativas da Universidade<\/span><\/span><\/span><span style=\"color: #414042;\">.<\/span><\/span><\/span><\/p>\n\n\n\n<div class=\"wp-block-group\"><div class=\"wp-block-group__inner-container is-layout-flow wp-block-group-is-layout-flow\">\n<p><span style=\"line-height: 18pt; font-family: arial, helvetica, sans-serif; font-size: 12pt;\"><span style=\"color: #414042;\">Os concorrentes s\u00e3o avaliados por uma Comiss\u00e3o composta por doutores e indicada pelo Colegiado do PPGEOL. Al\u00e9m de atenderem \u00e0s exig\u00eancias do edital, os candidatos, para admiss\u00e3o como discentes do Programa, devem ser aprovados e classificados, observado o limite das vagas ofertadas em cada processo seletivo. <\/span><\/span><\/p>\n\n\n\n<div class=\"wp-block-group\"><div class=\"wp-block-group__inner-container is-layout-flow wp-block-group-is-layout-flow\">\n<p class=\"has-text-color\" style=\"color: #414042; font-size: 12px;\"><span style=\"line-height: 18pt; font-family: arial, helvetica, sans-serif; font-size: 12pt;\"><span style=\"color: #414042;\">O processo seletivo de <span style=\"color: #c90e0e;\"><strong>mestrado<\/strong><\/span>, editais regular e suplementar, consta de 4 etapas, descritas no quadro.<\/span><\/span><\/p>\n<p><img loading=\"lazy\" decoding=\"async\" class=\"alignnone  wp-image-2779\" src=\"https:\/\/sites.igc.ufmg.br\/posgeol\/wp-content\/uploads\/2021\/01\/Etapas-processo-seletivo-MESTRADO-utilizada.png\" alt=\"\" width=\"588\" height=\"360\" srcset=\"https:\/\/sites.igc.ufmg.br\/posgeol\/wp-content\/uploads\/2021\/01\/Etapas-processo-seletivo-MESTRADO-utilizada.png 638w, https:\/\/sites.igc.ufmg.br\/posgeol\/wp-content\/uploads\/2021\/01\/Etapas-processo-seletivo-MESTRADO-utilizada-300x184.png 300w\" sizes=\"auto, (max-width: 588px) 100vw, 588px\" \/><\/p>\n<\/div><\/div>\n<\/div><\/div>\n\n\n\n<div class=\"wp-block-group\"><div class=\"wp-block-group__inner-container is-layout-flow wp-block-group-is-layout-flow\">\n<div class=\"wp-block-group\"><div class=\"wp-block-group__inner-container is-layout-flow wp-block-group-is-layout-flow\">\n<p><span style=\"line-height: 18pt; font-family: arial, helvetica, sans-serif; font-size: 12pt;\"><span style=\"color: #414042;\">A cada uma das etapas s\u00e3o atribu\u00eddos pontos em escala de 0 (zero) a 100 (cem). Na avalia\u00e7\u00e3o do projeto de pesquisa e na defesa oral, o candidato dever\u00e1 obter 60 (sessenta) pontos, no m\u00ednimo, para n\u00e3o ser eliminado da sele\u00e7\u00e3o. Na 3\u00aa e 4\u00aa etapas, que s\u00e3o classificat\u00f3rias, n\u00e3o h\u00e1 pontua\u00e7\u00e3o m\u00ednima a ser atingida pelo concorrente.<\/span><\/span><\/p>\n<\/div><\/div>\n<\/div><\/div>\n\n\n\n<div class=\"wp-block-group\"><div class=\"wp-block-group__inner-container is-layout-flow wp-block-group-is-layout-flow\">\n<p><span style=\"line-height: 18pt; font-family: arial, helvetica, sans-serif; font-size: 12pt;\"><span style=\"color: #414042;\">No <strong><span style=\"color: #c90e0e;\">doutorado<\/span><\/strong>, a sele\u00e7\u00e3o, regular e suplementar, \u00e9 composta por 3 etapas, conforme o quadro.<\/span><\/span><\/p>\n<p><img loading=\"lazy\" decoding=\"async\" class=\"alignnone  wp-image-2750\" src=\"https:\/\/sites.igc.ufmg.br\/posgeol\/wp-content\/uploads\/2021\/01\/Etapas-processo-seletivo-DOUTORADO-utilizada.png\" alt=\"\" width=\"589\" height=\"299\" srcset=\"https:\/\/sites.igc.ufmg.br\/posgeol\/wp-content\/uploads\/2021\/01\/Etapas-processo-seletivo-DOUTORADO-utilizada.png 701w, https:\/\/sites.igc.ufmg.br\/posgeol\/wp-content\/uploads\/2021\/01\/Etapas-processo-seletivo-DOUTORADO-utilizada-300x152.png 300w\" sizes=\"auto, (max-width: 589px) 100vw, 589px\" \/><\/p>\n<\/div><\/div>\n\n\n\n<p><span style=\"line-height: 18pt; font-family: arial, helvetica, sans-serif; font-size: 12pt;\"><span style=\"color: #414042;\">S\u00e3o atribu\u00eddos, em cada etapa, pontos em escala de 0 (zero) a 100 (cem). Para n\u00e3o ser eliminado nas duas primeiras etapas, o concorrente dever\u00e1 obter, no m\u00ednimo, 70 (setenta) pontos. Na an\u00e1lise do curr\u00edculo lattes, que \u00e9 classificat\u00f3ria, n\u00e3o h\u00e1 pontua\u00e7\u00e3o m\u00ednima a ser alcan\u00e7ada.<\/span><\/span><\/p>\n\n\n\n<p><span style=\"line-height: 18pt; font-family: arial, helvetica, sans-serif; font-size: 12pt;\"><span style=\"color: #414042;\">No resultado final dos processos seletivos para entrada no mestrado e doutorado do PPGEOL\/UFMG, os candidatos s\u00e3o ordenados em sequ\u00eancia decrescente da NOTA FINAL apurada, com a indica\u00e7\u00e3o de resultado \u201caprovado(a) e classificado(a)\u201d, ou \u201caprovado(a), mas n\u00e3o classificado(a)\u201d, ou \u201creprovado(a)\u201d. Os concorrentes na sele\u00e7\u00e3o regular s\u00e3o relacionados em listas distintas para ampla concorr\u00eancia e optantes autodeclarados negros e, na suplementar, em listas espec\u00edficas para ind\u00edgenas e para PcD.&nbsp;<\/span><\/span><\/p>\n\n\n\n<p><span style=\"line-height: 18pt; font-family: arial, helvetica, sans-serif; font-size: 12pt;\"><span style=\"color: #414042;\">Conforme estabelecido nos editais que regem os processos seletivos, para ser aprovado na sele\u00e7\u00e3o para o mestrado o participante dever\u00e1 obter m\u00e9dia igual ou superior a 60 (sessenta) pontos. Na sele\u00e7\u00e3o para o doutorado, m\u00e9dia igual ou superior a 70 (setenta) pontos.<\/span><\/span><\/p>\n\n\n\n<p><span style=\"line-height: 18pt; font-family: arial, helvetica, sans-serif; font-size: 12pt;\"><span style=\"color: #414042;\">Os editais dos processos seletivos em andamento no PPGEOL\/UFMG podem ser conferidos <strong><span style=\"color: #c90e0e;\"><a style=\"color: #c90e0e;\" href=\"https:\/\/sites.igc.ufmg.br\/posgeol\/processos-seletivos\/selecoes-em-andamento\/\" target=\"_blank\" rel=\"noopener\">AQUI<\/a><\/span><\/strong>.<\/span><\/span><\/p>\n<\/div><\/div>\n\n\n\n<div class=\"wp-block-group is-layout-flow wp-block-group-is-layout-flow\"><div class=\"wp-block-group__inner-container\"><\/div><\/div>\n<\/div><\/div>\n<\/div><\/div>\n","protected":false},"excerpt":{"rendered":"<p>Interessados em ingressar nos cursos de mestrado e doutorado do Programa de P\u00f3s-gradua\u00e7\u00e3o em Geologia (PPGEOL) da UFMG dever\u00e3o primeiro, em conformidade com as Normas Gerais da P\u00f3s-gradua\u00e7\u00e3o (PRPg) da Universidade, inscrever-se no processo seletivo, aberto a graduados em Geologia e \u00e1reas afins, regido por edital espec\u00edfico elaborado pelo Colegiado e aprovado pela PRPg\/UFMG. Os [&hellip;]<\/p>\n","protected":false},"author":2,"featured_media":0,"parent":747,"menu_order":0,"comment_status":"closed","ping_status":"closed","template":"page-sanfona.php","meta":{"_acf_changed":false,"footnotes":""},"categories":[60],"class_list":["post-1994","page","type-page","status-publish","hentry","category-processo-seletivo"],"acf":[],"_links":{"self":[{"href":"https:\/\/sites.igc.ufmg.br\/posgeol\/wp-json\/wp\/v2\/pages\/1994","targetHints":{"allow":["GET"]}}],"collection":[{"href":"https:\/\/sites.igc.ufmg.br\/posgeol\/wp-json\/wp\/v2\/pages"}],"about":[{"href":"https:\/\/sites.igc.ufmg.br\/posgeol\/wp-json\/wp\/v2\/types\/page"}],"author":[{"embeddable":true,"href":"https:\/\/sites.igc.ufmg.br\/posgeol\/wp-json\/wp\/v2\/users\/2"}],"replies":[{"embeddable":true,"href":"https:\/\/sites.igc.ufmg.br\/posgeol\/wp-json\/wp\/v2\/comments?post=1994"}],"version-history":[{"count":192,"href":"https:\/\/sites.igc.ufmg.br\/posgeol\/wp-json\/wp\/v2\/pages\/1994\/revisions"}],"predecessor-version":[{"id":2827,"href":"https:\/\/sites.igc.ufmg.br\/posgeol\/wp-json\/wp\/v2\/pages\/1994\/revisions\/2827"}],"up":[{"embeddable":true,"href":"https:\/\/sites.igc.ufmg.br\/posgeol\/wp-json\/wp\/v2\/pages\/747"}],"wp:attachment":[{"href":"https:\/\/sites.igc.ufmg.br\/posgeol\/wp-json\/wp\/v2\/media?parent=1994"}],"wp:term":[{"taxonomy":"category","embeddable":true,"href":"https:\/\/sites.igc.ufmg.br\/posgeol\/wp-json\/wp\/v2\/categories?post=1994"}],"curies":[{"name":"wp","href":"https:\/\/api.w.org\/{rel}","templated":true}]}}