{"id":26,"date":"2016-12-05T10:28:50","date_gmt":"2016-12-05T12:28:50","guid":{"rendered":""},"modified":"2023-06-24T04:34:37","modified_gmt":"2023-06-24T07:34:37","slug":"historico","status":"publish","type":"page","link":"https:\/\/sites.igc.ufmg.br\/posgeol\/o-programa\/historico\/","title":{"rendered":"Hist\u00f3rico"},"content":{"rendered":"<p><iframe loading=\"lazy\" title=\"Boas vindas\" src=\"\/\/www.youtube.com\/embed\/gSo7OW-XPkc\" width=\"853\" height=\"480\" frameborder=\"0\" allowfullscreen=\"allowfullscreen\"><\/iframe><\/p>\n<p><span style=\"line-height: 19pt; font-family: arial, helvetica, sans-serif; font-size: 13pt;\"><span style=\"color: #414042;\">Sediado no Instituto de Geoci\u00eancias<\/span> <span style=\"color: #800000;\"><a style=\"color: #800000;\" href=\"http:\/\/www.igc.ufmg.br\/\" target=\"_blank\" rel=\"noopener noreferrer\">(IGC)<\/a><\/span> <span style=\"color: #414042;\">da Universidade Federal<\/span> <span style=\"color: #414042;\">de Minas Gerais<\/span> <span style=\"color: #800000;\"><a style=\"color: #800000;\" href=\"https:\/\/ufmg.br\/\" target=\"_blank\" rel=\"noopener noreferrer\">(UFMG)<\/a><\/span>, o <span style=\"color: #800000;\"><strong>Programa de P\u00f3s-Gradua\u00e7\u00e3o em Geologia (PPGEOL) <\/strong><\/span><span style=\"color: #414042;\">foi criado em 1988, ap\u00f3s aprova\u00e7\u00e3o, pelo Conselho Universit\u00e1rio, do curso de Mestrado. Em 2001, depois de treze anos de atividades, passou a ofertar o curso de Doutorado. O Programa estrutura-se em 2 (duas) \u00e1reas de concentra\u00e7\u00e3o<\/span> <span style=\"color: #800000;\"><strong>Geologia Regional<\/strong><\/span><span style=\"color: #414042;\">, composta por 7 (sete) linhas de pesquisa, e<\/span> <span style=\"color: #800000;\"><strong>Geologia Econ\u00f4mica e Aplicada<\/strong><\/span><span style=\"color: #414042;\">, que re\u00fane 9 (nove) linhas de pesquisa \u2014 saiba mais<\/span> <span style=\"text-decoration: underline;\"><strong><span style=\"color: #800000; text-decoration: underline;\"><a style=\"color: #800000; text-decoration: underline;\" href=\"https:\/\/sites.igc.ufmg.br\/posgeol\/areas-de-concentracao\/\" target=\"_blank\" rel=\"noopener noreferrer\">AQUI<\/a><\/span><\/strong><\/span><span style=\"color: #414042;\">. Entrela\u00e7adas aos objetivos, \u00e0 infraestrutura laboratorial e \u00e0 forma\u00e7\u00e3o do corpo discente e docente do PPGEOL\/UFMG essas \u00e1reas e suas respectivas linhas respondem a uma voca\u00e7\u00e3o regional do Estado de Minas Gerais, que possui forte tradi\u00e7\u00e3o mineradora.<\/span><\/span><\/p>\n<p><span style=\"line-height: 19pt; font-family: arial, helvetica, sans-serif; font-size: 13pt;\"><span style=\"color: #414042;\">Com o <em>boom<\/em> mineral que o Brasil e Minas Gerais vivenciaram em 2012, a profiss\u00e3o de ge\u00f3logo tornou-se altamente requisitada e as empresas do ramo passaram a contratar profissionais a partir do 2\u00ba ou 3\u00ba anos de curso e a efetivar estagi\u00e1rios. Nesse per\u00edodo, o PPGEOL\/UFMG experimentou dois cen\u00e1rios: realizou a valida\u00e7\u00e3o de 03 diplomas de ge\u00f3logos estrangeiros (um alem\u00e3o, um peruano e um ucraniano), demonstrando a efervesc\u00eancia do mercado de trabalho no pa\u00eds. No entanto, a busca pelos cursos de Mestrado e Doutorado diminuiu, refletindo no n\u00famero de inscritos e aprovados nas sele\u00e7\u00f5es realizadas entre os anos de 2012 e 2014. O cen\u00e1rio, a partir de 2015, com a crise enfrentada no setor mineral (que passa por aquecimento discreto), alterou-se e as sele\u00e7\u00f5es aos dois cursos tornaram-se novamente concorridas.<\/span><\/span><\/p>\n<p><span style=\"line-height: 19pt; font-family: arial, helvetica, sans-serif; font-size: 13pt;\"><span style=\"color: #414042;\">Conceito 5 na \u00faltima avalia\u00e7\u00e3o da <span style=\"color: #800000;\"><span style=\"color: #333333;\">Coordena\u00e7\u00e3o de Aperfei\u00e7oamento de Pessoal de N\u00edvel Superior<\/span> <a style=\"color: #800000;\" href=\"https:\/\/www.capes.gov.br\/\" target=\"_blank\" rel=\"noopener noreferrer\">(CAPES)<\/a><\/span>, o\u00a0Programa conta com <span style=\"color: #800000;\"><strong>29 docentes<\/strong><\/span> credenciados, sendo 25 permanentes e 4 colaboradores, que participam das atividades de pesquisa, ensino e extens\u00e3o, atuando em projetos e tamb\u00e9m na orienta\u00e7\u00e3o e coorienta\u00e7\u00e3o dos discentes matriculados no PPGEOL\/UFMG. Do total de docentes, 9 s\u00e3o bolsistas de produtividade no Conselho Nacional de Desenvolvimento Cient\u00edfico e Tecnol\u00f3gico <span style=\"color: #800000;\"><a style=\"color: #800000;\" href=\"http:\/\/www.cnpq.br\/\" target=\"_blank\" rel=\"noopener noreferrer\">(CNPq)<\/a><span style=\"color: #414042;\">,<\/span><\/span> sendo 01 n\u00edvel 1A, 03 N\u00edvel 1D e 05 n\u00edvel 2.<\/span><\/span><\/p>\n<p><span style=\"line-height: 19pt; font-family: arial, helvetica, sans-serif; font-size: 13pt;\"><span style=\"color: #414042;\">O perfil discente &#8211; matriculados e egressos &#8211; \u00e9 bastante diversificado. Apesar de a maioria dos estudantes ser oriunda do curso de gradua\u00e7\u00e3o em Geologia da UFMG, o Programa tamb\u00e9m atrai graduados de outros cursos da Universidade \u2013 engenheiros de minas, qu\u00edmicos, ge\u00f3grafos, bi\u00f3logos-paleont\u00f3logos, por exemplo \u2013; de outras institui\u00e7\u00f5es de ensino p\u00fablicas e privadas brasileiras como as Universidades Federais de Ouro Preto (UFOP), do Esp\u00edrito Santo (UFES), dos Vales do Jequitinhonha e Mucuri (UFVJM), CEFET-MG, PUC-MG, UniBH, e de pa\u00edses como Col\u00f4mbia, Alemanha e Portugal. Atualmente, o corpo discente \u00e9 formado por <strong><span style=\"color: #800000;\">66 estudantes<\/span><\/strong>, sendo 48 regularmente matriculados no Mestrado, 31 no Doutorado, e 01 no P\u00f3s-doutorado.<\/span><\/span><\/p>\n<p><span style=\"line-height: 19pt; font-family: arial, helvetica, sans-serif; font-size: 13pt;\"><span style=\"color: #414042;\">A P\u00f3s-gradua\u00e7\u00e3o em Geologia da UFMG destaca-se pela forma\u00e7\u00e3o de mestres e doutores para atua\u00e7\u00e3o em empresas p\u00fablicas e privadas, profissionais aut\u00f4nomos, consultores, pesquisadores e docentes de institui\u00e7\u00f5es de ensino. Atualmente, 09 ex-discentes s\u00e3o vinculados ao Departamento de Geologia do IGC e ao PPGEOL\/UFMG, al\u00e9m de atuarem em cursos de gradua\u00e7\u00e3o e p\u00f3s-gradua\u00e7\u00e3o de diferentes unidades acad\u00eamicas da UFMG e de outras institui\u00e7\u00f5es, p\u00fablicas e privadas, nacionais. Desde a sua cria\u00e7\u00e3o, foram defendidos, at\u00e9 o dia 11\/05\/2020, no total, 265 trabalhos de conclus\u00e3o de curso, sendo 217 disserta\u00e7\u00f5es de Mestrado e 48 teses de Doutorado. Em 2019, o Programa recebeu men\u00e7\u00e3o honrosa no <em>\u201cPr\u00eamio Capes de Tese\u201d<\/em> por trabalho de Doutorado defendido, em 2018, pela egressa e atual docente credenciada, Mahyra Ferreira Tedeschi.<\/span><\/span><\/p>\n<p><span style=\"line-height: 19pt; font-family: arial, helvetica, sans-serif; font-size: 13pt;\"><span style=\"color: #414042;\">O Programa destaca-se tamb\u00e9m pela integra\u00e7\u00e3o com a gradua\u00e7\u00e3o. Os professores vinculados ao PPGEOL\/UFMG ministram disciplinas nos cursos de gradua\u00e7\u00e3o do IGC, de outras unidades acad\u00eamicas da Universidade e demais institui\u00e7\u00f5es de ensino em que atuam. Os graduandos podem cursar, nas modalidades eletiva ou isolada, as disciplinas ofertadas nos cursos de Mestrado e Doutorado e atuar nos projetos de pesquisa da P\u00f3s-gradua\u00e7\u00e3o em Geologia. Sob a orienta\u00e7\u00e3o dos docentes e em conjunto com os p\u00f3s-graduandos, os alunos de gradua\u00e7\u00e3o participam das iniciativas de pesquisa, ensino e extens\u00e3o do Programa. <\/span><\/span><\/p>\n<p><span style=\"line-height: 19pt; font-family: arial, helvetica, sans-serif; font-size: 13pt;\"><span style=\"color: #414042;\"><span style=\"color: #414042; font-family: arial, helvetica, sans-serif; font-size: 13pt;\">Desde o 2\u00ba semestre de 2018, a Coordena\u00e7\u00e3o do Programa, em parceria com os mestrandos e doutorandos, promove a <\/span><span style=\"color: #800000;\"><a style=\"color: #800000;\" href=\"https:\/\/sites.igc.ufmg.br\/posgeol\/noticia\/lorem-ipsum-dolor-sit-amet-consectetur-adipiscing-elit-2\/encurtador.com.br\/fr057\" target=\"_blank\" rel=\"noopener noreferrer\"><strong>Semana da P\u00f3s-gradua\u00e7\u00e3o em Geologia<\/strong><\/a><\/span><span style=\"color: #414042; font-family: arial, helvetica, sans-serif; font-size: 13pt;\">. Iniciativa de extens\u00e3o, o evento, fixo no calend\u00e1rio acad\u00eamico do PPGEOL\/UFMG, refor\u00e7a a integra\u00e7\u00e3o com a gradua\u00e7\u00e3o e contribui para motivar os discentes a ingressarem no Mestrado em Geologia. Aberta ao p\u00fablico interno e externo \u00e0 Universidade, a Semana tem como objetivos: incentivar o protagonismo estudantil; dar visibilidade \u00e0s pesquisas desenvolvidas no Programa; promover o interc\u00e2mbio de conhecimento, a intera\u00e7\u00e3o entre o corpo docente e discente do PPGEOL e pesquisadores convidados para palestras, mesas-redondas e debates. <\/span><\/span><\/span><\/p>\n<p><span style=\"line-height: 19pt; font-family: arial, helvetica, sans-serif; font-size: 13pt;\"><span style=\"color: #414042;\">Nos \u00faltimos anos, cresceu a produ\u00e7\u00e3o intelectual desenvolvida pelo corpo docente e discente do Programa. Segundo informa\u00e7\u00f5es da Plataforma Sucupira da Capes, em 2018, a produ\u00e7\u00e3o intelectual ultrapassou os 170 trabalhos, entre artigos cient\u00edficos publicados em peri\u00f3dicos nacionais e internacionais de alto impacto, resumos e resumos expandidos, cap\u00edtulos de livros, al\u00e9m de apresenta\u00e7\u00f5es em eventos cient\u00edficos e trabalhos t\u00e9cnicos, como cursos e palestras.\u00a0<\/span><\/span><\/p>\n<p><span style=\"line-height: 19pt; font-family: arial, helvetica, sans-serif; font-size: 13pt;\"><span style=\"color: #414042;\">\u00c9 tradi\u00e7\u00e3o na P\u00f3s-gradua\u00e7\u00e3o em Geologia, as parcerias com universidades e empresas, nacionais e estrangeiras, que fortalecem a pesquisa acad\u00eamico-cient\u00edfica, a troca de conhecimento e aprimora a atua\u00e7\u00e3o dos professores e estudantes. Por meio de iniciativas de internacionaliza\u00e7\u00e3o, como CAPESPrint, PDSE, PADO, PADOC-Jr, conv\u00eanios de Cotutela e acordos de coopera\u00e7\u00e3o t\u00e9cnico-cient\u00edfica, o Programa promove o interc\u00e2mbio e mobilidade acad\u00eamicos, de docentes e discentes, entre institui\u00e7\u00f5es de ensino de pa\u00edses como Alemanha, Argentina, Austr\u00e1lia, B\u00e9lgica, Canad\u00e1, China, Col\u00f4mbia, Espanha, Estados Unidos, \u00cdndia, It\u00e1lia, Portugal, Reino Unido e Su\u00ed\u00e7a.<\/span><\/span><\/p>\n<p><span style=\"line-height: 19pt; font-family: arial, helvetica, sans-serif; font-size: 13pt;\"><span style=\"color: #414042;\">O suporte anal\u00edtico para os projetos de pesquisas do PPGEOL\/UFMG \u00e9 fornecido por laborat\u00f3rios da UFMG, do Centro de Pesquisa Professor Manuel Teixeira da Costa <span style=\"color: #800000;\"><a style=\"color: #800000;\" href=\"http:\/\/cpmtc-igc-ufmg.org\/\" target=\"_blank\" rel=\"noopener noreferrer\">(CPMTC\/IGC)<\/a><\/span>, do CDTN\/CENEN, de institui\u00e7\u00f5es de ensino nacionais, como a Universidade Federal de Ouro Preto (UFOP), e internacionais, entre elas, a The University of Western Australia e a Ghent University. Os projetos de pesquisas dos docentes t\u00eam sido financiados por ag\u00eancias e programas como PADCT, FINEP, FAPEMIG, CNPq, PRPq-UFMG, CAPES-DAAD, CAPES-COFECUB, PROGRAMA ALFA, dentre outros, e por conv\u00eanios e acordos mantidos com empresas p\u00fablicas e privadas como CODEMGE, ICMBio, Vale, CPRM, AngloGold Ashanti, Angloamerican, Petrobr\u00e1s, Federa\u00e7\u00e3o das Ind\u00fastrias de Minas Gerais (FIEMG), atrav\u00e9s aux\u00edlio financeiro, concess\u00e3o de bolsas e apoio log\u00edstico.\u00a0<\/span><\/span><\/p>\n<p style=\"text-align: right;\"><span style=\"line-height: 19pt; font-family: arial, helvetica, sans-serif; font-size: 10pt;\"><span style=\"color: #414042;\"><strong><span style=\"color: #414042;\">Texto:<\/span><\/strong> Rosaline Cristina Figueiredo e Silva e William Campos Viegas, atualizado da Plataforma Sucupira da Capes.\u00a0<\/span><\/span><\/p>\n<p><span style=\"font-size: 10pt; color: #5e5c5c;\"><span style=\"line-height: 19pt; font-family: arial, helvetica, sans-serif;\"><span style=\"line-height: 11pt; font-family: arial, helvetica, sans-serif;\"><strong><span style=\"color: #414042;\">Inser\u00e7\u00e3o e atualiza\u00e7\u00e3o de informa\u00e7\u00f5es no site:<\/span><\/strong><\/span><\/span><\/span><span style=\"color: #414042; font-size: 10pt;\"><span style=\"line-height: 19pt; font-family: arial, helvetica, sans-serif;\"><span style=\"line-height: 17pt; font-family: arial, helvetica, sans-serif;\"><span style=\"color: #414042;\"> William Campos Viegas.<\/span><br \/>\n<span style=\"font-size: 10pt; color: #414042;\"><span style=\"line-height: 11pt; font-family: arial, helvetica, sans-serif;\"><strong>Fonte:<\/strong><\/span><\/span><span style=\"color: #414042;\"> Plataforma Sucupira da Capes*<\/span><br \/>\n<em><span style=\"color: #5e5c5c;\"><b>*<\/b><span style=\"font-family: arial, helvetica, sans-serif; color: #414042;\">A p\u00e1gina ser\u00e1 atualizada periodicamente, conforme informa\u00e7\u00f5es inseridas na Plataforma Sucupira da Capes.<\/span><\/span><\/em><br \/>\n<\/span><\/span><\/span><\/p>\n","protected":false},"excerpt":{"rendered":"<p>Sediado no Instituto de Geoci\u00eancias (IGC) da Universidade Federal de Minas Gerais (UFMG), o Programa de P\u00f3s-Gradua\u00e7\u00e3o em Geologia (PPGEOL) foi criado em 1988, ap\u00f3s aprova\u00e7\u00e3o, pelo Conselho Universit\u00e1rio, do curso de Mestrado. Em 2001, depois de treze anos de atividades, passou a ofertar o curso de Doutorado. O Programa estrutura-se em 2 (duas) \u00e1reas [&hellip;]<\/p>\n","protected":false},"author":2,"featured_media":0,"parent":839,"menu_order":0,"comment_status":"closed","ping_status":"closed","template":"","meta":{"_acf_changed":false,"footnotes":""},"categories":[],"class_list":["post-26","page","type-page","status-publish","hentry"],"acf":[],"_links":{"self":[{"href":"https:\/\/sites.igc.ufmg.br\/posgeol\/wp-json\/wp\/v2\/pages\/26","targetHints":{"allow":["GET"]}}],"collection":[{"href":"https:\/\/sites.igc.ufmg.br\/posgeol\/wp-json\/wp\/v2\/pages"}],"about":[{"href":"https:\/\/sites.igc.ufmg.br\/posgeol\/wp-json\/wp\/v2\/types\/page"}],"author":[{"embeddable":true,"href":"https:\/\/sites.igc.ufmg.br\/posgeol\/wp-json\/wp\/v2\/users\/2"}],"replies":[{"embeddable":true,"href":"https:\/\/sites.igc.ufmg.br\/posgeol\/wp-json\/wp\/v2\/comments?post=26"}],"version-history":[{"count":142,"href":"https:\/\/sites.igc.ufmg.br\/posgeol\/wp-json\/wp\/v2\/pages\/26\/revisions"}],"predecessor-version":[{"id":3086,"href":"https:\/\/sites.igc.ufmg.br\/posgeol\/wp-json\/wp\/v2\/pages\/26\/revisions\/3086"}],"up":[{"embeddable":true,"href":"https:\/\/sites.igc.ufmg.br\/posgeol\/wp-json\/wp\/v2\/pages\/839"}],"wp:attachment":[{"href":"https:\/\/sites.igc.ufmg.br\/posgeol\/wp-json\/wp\/v2\/media?parent=26"}],"wp:term":[{"taxonomy":"category","embeddable":true,"href":"https:\/\/sites.igc.ufmg.br\/posgeol\/wp-json\/wp\/v2\/categories?post=26"}],"curies":[{"name":"wp","href":"https:\/\/api.w.org\/{rel}","templated":true}]}}