{"id":728,"date":"2018-04-03T10:01:34","date_gmt":"2018-04-03T13:01:34","guid":{"rendered":"https:\/\/sites.igc.ufmg.br\/geologia\/?page_id=728\/"},"modified":"2020-10-06T00:55:46","modified_gmt":"2020-10-06T03:55:46","slug":"equipe","status":"publish","type":"page","link":"https:\/\/sites.igc.ufmg.br\/posgeol\/o-programa\/equipe\/","title":{"rendered":"Infraestrutura"},"content":{"rendered":"<p><span style=\"color: #414042;\"><span style=\"line-height: 19pt; font-family: arial, helvetica, sans-serif; font-size: 13pt;\">O suporte anal\u00edtico para os projetos de Mestrado e Doutorado \u00e9 fornecido principalmente por laborat\u00f3rios em colabora\u00e7\u00e3o com diversas universidades (nacionais e internacionais), al\u00e9m dos 13 laborat\u00f3rios do Centro de Pesquisa Professor Manuel Teixeira da Costa (CPMTC\/IGC), departamentos e laborat\u00f3rios de diversas Unidades da UFMG, com destaque para os laborat\u00f3rios de an\u00e1lise qu\u00edmica (plasma, fluoresc\u00eancia e difra\u00e7\u00e3o de raios-X), de caracteriza\u00e7\u00e3o tecnol\u00f3gica de rochas ornamentais, de inclus\u00f5es fluidas e metalogenia, um microsc\u00f3pio eletr\u00f4nico de varredura com catodoluminesc\u00eancia, al\u00e9m de laborat\u00f3rio de prepara\u00e7\u00e3o e concentra\u00e7\u00e3o de minerais pesados. Pode-se citar tamb\u00e9m o Centro de Microscopia da UFMG, a parceria com o Departamento de F\u00edsica da Universidade: EPR-Electro Paramagnetic Resonance, Espectroscopia \u00d3tica, RMP-Raman Micro Probe; Depto. de Belas Artes: Espectroscopia IR; Museu de Hist\u00f3ria Natural: Laborat\u00f3rio Gemol\u00f3gico Completo e Lapida\u00e7\u00e3o), com empresas e a forte parceria com o laborat\u00f3rio de geocronologia do Da Universidade Federal de Ouro Preto (UFOP), com o CDTN\/CNEN, e de com o laborat\u00f3rio de an\u00e1lises geocronol\u00f3gicas SHRIMP na Curtin University, Perth na Austr\u00e1lia. Ressalta-se, tamb\u00e9m, al\u00e9m dos trabalhos de campo desenvolvidos nas disciplinas ofertadas pelo Programa.<\/span><\/span><\/p>\n\n\n<p><\/p>\n","protected":false},"excerpt":{"rendered":"<p>O suporte anal\u00edtico para os projetos de Mestrado e Doutorado \u00e9 fornecido principalmente por laborat\u00f3rios em colabora\u00e7\u00e3o com diversas universidades (nacionais e internacionais), al\u00e9m dos 13 laborat\u00f3rios do Centro de Pesquisa Professor Manuel Teixeira da Costa (CPMTC\/IGC), departamentos e laborat\u00f3rios de diversas Unidades da UFMG, com destaque para os laborat\u00f3rios de an\u00e1lise qu\u00edmica (plasma, fluoresc\u00eancia [&hellip;]<\/p>\n","protected":false},"author":1,"featured_media":0,"parent":839,"menu_order":0,"comment_status":"closed","ping_status":"closed","template":"page-sanfona.php","meta":{"_acf_changed":false,"footnotes":""},"categories":[67],"class_list":["post-728","page","type-page","status-publish","hentry","category-programa"],"acf":[],"_links":{"self":[{"href":"https:\/\/sites.igc.ufmg.br\/posgeol\/wp-json\/wp\/v2\/pages\/728","targetHints":{"allow":["GET"]}}],"collection":[{"href":"https:\/\/sites.igc.ufmg.br\/posgeol\/wp-json\/wp\/v2\/pages"}],"about":[{"href":"https:\/\/sites.igc.ufmg.br\/posgeol\/wp-json\/wp\/v2\/types\/page"}],"author":[{"embeddable":true,"href":"https:\/\/sites.igc.ufmg.br\/posgeol\/wp-json\/wp\/v2\/users\/1"}],"replies":[{"embeddable":true,"href":"https:\/\/sites.igc.ufmg.br\/posgeol\/wp-json\/wp\/v2\/comments?post=728"}],"version-history":[{"count":13,"href":"https:\/\/sites.igc.ufmg.br\/posgeol\/wp-json\/wp\/v2\/pages\/728\/revisions"}],"predecessor-version":[{"id":2225,"href":"https:\/\/sites.igc.ufmg.br\/posgeol\/wp-json\/wp\/v2\/pages\/728\/revisions\/2225"}],"up":[{"embeddable":true,"href":"https:\/\/sites.igc.ufmg.br\/posgeol\/wp-json\/wp\/v2\/pages\/839"}],"wp:attachment":[{"href":"https:\/\/sites.igc.ufmg.br\/posgeol\/wp-json\/wp\/v2\/media?parent=728"}],"wp:term":[{"taxonomy":"category","embeddable":true,"href":"https:\/\/sites.igc.ufmg.br\/posgeol\/wp-json\/wp\/v2\/categories?post=728"}],"curies":[{"name":"wp","href":"https:\/\/api.w.org\/{rel}","templated":true}]}}