{"id":730,"date":"2018-04-03T10:01:53","date_gmt":"2018-04-03T13:01:53","guid":{"rendered":"https:\/\/sites.igc.ufmg.br\/geologia\/?page_id=730\/"},"modified":"2020-10-01T19:19:38","modified_gmt":"2020-10-01T22:19:38","slug":"o-gestor-publico","status":"publish","type":"page","link":"https:\/\/sites.igc.ufmg.br\/posgeol\/o-programa\/o-gestor-publico\/","title":{"rendered":"Colegiado"},"content":{"rendered":"<p style=\"padding-left: 40px;\"><span style=\"color: #414042;\"><span style=\"line-height: 19pt; font-family: arial, helvetica, sans-serif; font-size: 13pt;\">A coordena\u00e7\u00e3o did\u00e1tica do PPGEOL\/UFMG, conforme as Normas Gerais da P\u00f3s-gradua\u00e7\u00e3o da Universidade, \u00e9 exercida por um Colegiado, presidido por um(a) coordenador(a) e constitu\u00eddo por:<\/span><\/span><\/p>\n<p style=\"padding-left: 40px;\"><span style=\"color: #414042;\"><span style=\"line-height: 19pt; font-family: arial, helvetica, sans-serif; font-size: 13pt;\">I &#8211; 1\/3 dos professores permanentes do curso pertencentes ao quadro efetivo ativo da UFMG, portadores do Grau de Doutor, ou de t\u00edtulo equivalente, garantida a representa\u00e7\u00e3o de cada \u00e1rea de concentra\u00e7\u00e3o;<br \/>\nII &#8211; O Subcoordenador;<br \/>\nIII &#8211; Os Coordenadores dos Cursos de Especializa\u00e7\u00e3o, ou de seus representantes, durante o per\u00edodo de vig\u00eancia dos cursos;<br \/>\nIV &#8211; A representa\u00e7\u00e3o discente, observado o disposto no Regimento Geral da UFMG.<\/span><\/span><\/p>\n","protected":false},"excerpt":{"rendered":"<p>A coordena\u00e7\u00e3o did\u00e1tica do PPGEOL\/UFMG, conforme as Normas Gerais da P\u00f3s-gradua\u00e7\u00e3o da Universidade, \u00e9 exercida por um Colegiado, presidido por um(a) coordenador(a) e constitu\u00eddo por: I &#8211; 1\/3 dos professores permanentes do curso pertencentes ao quadro efetivo ativo da UFMG, portadores do Grau de Doutor, ou de t\u00edtulo equivalente, garantida a representa\u00e7\u00e3o de cada \u00e1rea [&hellip;]<\/p>\n","protected":false},"author":2,"featured_media":0,"parent":839,"menu_order":0,"comment_status":"closed","ping_status":"closed","template":"page-sanfona.php","meta":{"_acf_changed":false,"footnotes":""},"categories":[1],"class_list":["post-730","page","type-page","status-publish","hentry","category-nao-categorizado"],"acf":[],"_links":{"self":[{"href":"https:\/\/sites.igc.ufmg.br\/posgeol\/wp-json\/wp\/v2\/pages\/730","targetHints":{"allow":["GET"]}}],"collection":[{"href":"https:\/\/sites.igc.ufmg.br\/posgeol\/wp-json\/wp\/v2\/pages"}],"about":[{"href":"https:\/\/sites.igc.ufmg.br\/posgeol\/wp-json\/wp\/v2\/types\/page"}],"author":[{"embeddable":true,"href":"https:\/\/sites.igc.ufmg.br\/posgeol\/wp-json\/wp\/v2\/users\/2"}],"replies":[{"embeddable":true,"href":"https:\/\/sites.igc.ufmg.br\/posgeol\/wp-json\/wp\/v2\/comments?post=730"}],"version-history":[{"count":8,"href":"https:\/\/sites.igc.ufmg.br\/posgeol\/wp-json\/wp\/v2\/pages\/730\/revisions"}],"predecessor-version":[{"id":2088,"href":"https:\/\/sites.igc.ufmg.br\/posgeol\/wp-json\/wp\/v2\/pages\/730\/revisions\/2088"}],"up":[{"embeddable":true,"href":"https:\/\/sites.igc.ufmg.br\/posgeol\/wp-json\/wp\/v2\/pages\/839"}],"wp:attachment":[{"href":"https:\/\/sites.igc.ufmg.br\/posgeol\/wp-json\/wp\/v2\/media?parent=730"}],"wp:term":[{"taxonomy":"category","embeddable":true,"href":"https:\/\/sites.igc.ufmg.br\/posgeol\/wp-json\/wp\/v2\/categories?post=730"}],"curies":[{"name":"wp","href":"https:\/\/api.w.org\/{rel}","templated":true}]}}