{"id":737,"date":"2018-04-03T10:05:49","date_gmt":"2018-04-03T13:05:49","guid":{"rendered":"https:\/\/sites.igc.ufmg.br\/geologia\/?page_id=737\/"},"modified":"2021-01-06T00:21:24","modified_gmt":"2021-01-06T03:21:24","slug":"projetos-de-pesquisa-e-extensao","status":"publish","type":"page","link":"https:\/\/sites.igc.ufmg.br\/posgeol\/projetos-e-parcerias\/projetos-de-pesquisa-e-extensao\/","title":{"rendered":"Projetos de Pesquisa e extens\u00e3o"},"content":{"rendered":"<p>Donec sollicitudin molestie malesuada. Vivamus magna justo, lacinia eget consectetur sed, convallis at tellus. Nulla porttitor accumsan tincidunt. Lorem ipsum dolor sit amet, consectetur adipiscing elit. Donec rutrum\u00a0<\/p>\n\n\n<figure class=\"wp-block-table is-style-stripes\"><table class=\"has-subtle-pale-pink-background-color has-fixed-layout has-background\"><tbody><tr><td>Projeto<\/td><td>Docente respons\u00e1vel<\/td><td>\u00c1re de concentra\u00e7\u00e3o<\/td><td>Linha de pesquisa<\/td><td>Financiador<\/td><td>Descri\u00e7\u00e3o <br>PDF<\/td><\/tr><tr><td><\/td><td><\/td><td><\/td><td><\/td><td><\/td><td><\/td><\/tr><tr><td><\/td><td><\/td><td><\/td><td><\/td><td><\/td><td><\/td><\/tr><tr><td><\/td><td><\/td><td><\/td><td><\/td><td><\/td><td><\/td><\/tr><tr><td><\/td><td><\/td><td><\/td><td><\/td><td><\/td><td><\/td><\/tr><tr><td><\/td><td><\/td><td><\/td><td><\/td><td><\/td><td><\/td><\/tr><tr><td><\/td><td><\/td><td><\/td><td><\/td><td><\/td><td><\/td><\/tr><\/tbody><\/table><\/figure>\n","protected":false},"excerpt":{"rendered":"<p>Donec sollicitudin molestie malesuada. Vivamus magna justo, lacinia eget consectetur sed, convallis at tellus. Nulla porttitor accumsan tincidunt. Lorem ipsum dolor sit amet, consectetur adipiscing elit. Donec rutrum\u00a0 Projeto Docente respons\u00e1vel \u00c1re de concentra\u00e7\u00e3o Linha de pesquisa Financiador Descri\u00e7\u00e3o PDF<\/p>\n","protected":false},"author":1,"featured_media":0,"parent":847,"menu_order":0,"comment_status":"closed","ping_status":"closed","template":"page-sanfona.php","meta":{"_acf_changed":false,"footnotes":""},"categories":[1],"class_list":["post-737","page","type-page","status-publish","hentry","category-nao-categorizado"],"acf":[],"_links":{"self":[{"href":"https:\/\/sites.igc.ufmg.br\/posgeol\/wp-json\/wp\/v2\/pages\/737","targetHints":{"allow":["GET"]}}],"collection":[{"href":"https:\/\/sites.igc.ufmg.br\/posgeol\/wp-json\/wp\/v2\/pages"}],"about":[{"href":"https:\/\/sites.igc.ufmg.br\/posgeol\/wp-json\/wp\/v2\/types\/page"}],"author":[{"embeddable":true,"href":"https:\/\/sites.igc.ufmg.br\/posgeol\/wp-json\/wp\/v2\/users\/1"}],"replies":[{"embeddable":true,"href":"https:\/\/sites.igc.ufmg.br\/posgeol\/wp-json\/wp\/v2\/comments?post=737"}],"version-history":[{"count":8,"href":"https:\/\/sites.igc.ufmg.br\/posgeol\/wp-json\/wp\/v2\/pages\/737\/revisions"}],"predecessor-version":[{"id":2226,"href":"https:\/\/sites.igc.ufmg.br\/posgeol\/wp-json\/wp\/v2\/pages\/737\/revisions\/2226"}],"up":[{"embeddable":true,"href":"https:\/\/sites.igc.ufmg.br\/posgeol\/wp-json\/wp\/v2\/pages\/847"}],"wp:attachment":[{"href":"https:\/\/sites.igc.ufmg.br\/posgeol\/wp-json\/wp\/v2\/media?parent=737"}],"wp:term":[{"taxonomy":"category","embeddable":true,"href":"https:\/\/sites.igc.ufmg.br\/posgeol\/wp-json\/wp\/v2\/categories?post=737"}],"curies":[{"name":"wp","href":"https:\/\/api.w.org\/{rel}","templated":true}]}}