{"id":743,"date":"2018-04-03T10:08:43","date_gmt":"2018-04-03T13:08:43","guid":{"rendered":"https:\/\/sites.igc.ufmg.br\/geologia\/?page_id=743\/"},"modified":"2021-01-04T17:08:37","modified_gmt":"2021-01-04T20:08:37","slug":"mestradoedoutorado","status":"publish","type":"page","link":"https:\/\/sites.igc.ufmg.br\/posgeol\/cursos\/mestradoedoutorado\/","title":{"rendered":"Mestrado e Doutorado"},"content":{"rendered":"\n<div class=\"wp-block-group\"><div class=\"wp-block-group__inner-container is-layout-flow wp-block-group-is-layout-flow\">\n<p><span style=\"line-height: 18pt; font-family: arial, helvetica, sans-serif; font-size: 12pt;\"><span style=\"color: #414042;\">O curso de Mestrado, de acordo com a Pr\u00f3-reitoria de P\u00f3s-gradua\u00e7\u00e3o (PRPg) da Universidade Federal de Minas Gerais, visa aprofundar o conhecimento acad\u00eamico e profissional, bem como aprimorar a capacidade do discente de realizar pesquisas. O Doutorado, por sua vez, tem por objetivo desenvolver a habilidade do estudante propor e conduzir, de forma aut\u00f4noma, pesquisas originais em \u00e1rea espec\u00edfica ou interdisciplinar do conhecimento.<\/span><\/span><\/p>\n<\/div><\/div>\n\n\n\n<div class=\"wp-block-group\"><div class=\"wp-block-group__inner-container is-layout-flow wp-block-group-is-layout-flow\">\n<p><span style=\"line-height: 18pt; font-family: arial, helvetica, sans-serif; font-size: 12pt;\"><span style=\"color: #414042;\">A <strong><span style=\"color: #c90e0e;\"><a style=\"color: #c90e0e;\" href=\"https:\/\/sites.igc.ufmg.br\/posgeol\/o-programa\/estrutura-curricular\/\" target=\"_blank\" rel=\"noopener noreferrer\">estrutura curricular<\/a><\/span><\/strong> dos cursos ofertados no Programa de P\u00f3s-gradua\u00e7\u00e3o em Geologia da UFMG \u00e9 composta por disciplinas obrigat\u00f3rias e optativas, com carga hor\u00e1ria que varia de 15 a 90 horas e de 1 (um) a 6 (seis) cr\u00e9ditos. Para integraliza\u00e7\u00e3o e conclus\u00e3o do curso ao qual est\u00e1 matriculado, o discente deve cumprir, no m\u00ednimo, 18 (dezoito) cr\u00e9ditos, somando-se as <span style=\"color: #c90e0e;\"><strong><a style=\"color: #c90e0e;\" href=\"https:\/\/sites.igc.ufmg.br\/posgeol\/disciplinas\/\" target=\"_blank\" rel=\"noopener noreferrer\">disciplinas obrigat\u00f3rias e optativas<\/a><\/strong><\/span> cursadas; apresentar, conforme especificado no Regulamento, a produ\u00e7\u00e3o acad\u00eamica (artigo); ser aprovado no Exame de Qualifica\u00e7\u00e3o &#8211; no caso de doutorando &#8211; e&nbsp; na defesa final da disserta\u00e7\u00e3o de mestrado ou tese de doutorado.<\/span><\/span><\/p>\n<\/div><\/div>\n\n\n\n<div class=\"wp-block-group\"><div class=\"wp-block-group__inner-container is-layout-flow wp-block-group-is-layout-flow\">\n<p><span style=\"line-height: 18pt; font-family: arial, helvetica, sans-serif; font-size: 12pt;\"><span style=\"color: #414042;\">Para admiss\u00e3o como aluno regular do mestrado ou doutorado, o candidato dever\u00e1, entre outras exig\u00eancias, ser aprovado e classificado em exame de sele\u00e7\u00e3o, cujo processo seletivo \u00e9 regido por edital elaborado pelo Colegiado do Programa e aprovado pela Pr\u00f3-reitoria de P\u00f3s-gradua\u00e7\u00e3o (PRPg) da UFMG.<\/span><\/span><\/p>\n<\/div><\/div>\n\n\n\n<div class=\"wp-block-group\"><div class=\"wp-block-group__inner-container is-layout-flow wp-block-group-is-layout-flow\">\n<p><span style=\"line-height: 18pt; font-family: arial, helvetica, sans-serif; font-size: 12pt;\"><span style=\"color: #414042;\">Conceito 5 na \u00faltima avalia\u00e7\u00e3o da Capes (2017-2020), os cursos de mestrado e doutorado do PPGEOL\/UFMG est\u00e3o divididos nas <strong><span style=\"color: #c90e0e;\"><a style=\"color: #c90e0e;\" href=\"https:\/\/sites.igc.ufmg.br\/posgeol\/areas-de-concentracao\/\" target=\"_blank\" rel=\"noopener noreferrer\">\u00e1reas de concentra\u00e7\u00e3o<\/a><\/span><\/strong> &#8220;Geologia Regional&#8221; e &#8220;Geologia Econ\u00f4mica e Aplicada&#8221;. O mestrado, lan\u00e7ado em 1988, tem <\/span><\/span><span style=\"line-height: 18pt; font-family: arial, helvetica, sans-serif; font-size: 12pt;\"><span style=\"color: #414042;\">dura\u00e7\u00e3o m\u00e1xima de 2 (dois) anos, e o doutorado, criado em 2001, dura\u00e7\u00e3o m\u00e1xima de 4 (quatro) anos.<\/span><\/span><\/p>\n<\/div><\/div>\n","protected":false},"excerpt":{"rendered":"<p>O curso de Mestrado, de acordo com a Pr\u00f3-reitoria de P\u00f3s-gradua\u00e7\u00e3o (PRPg) da Universidade Federal de Minas Gerais, visa aprofundar o conhecimento acad\u00eamico e profissional, bem como aprimorar a capacidade do discente de realizar pesquisas. O Doutorado, por sua vez, tem por objetivo desenvolver a habilidade do estudante propor e conduzir, de forma aut\u00f4noma, pesquisas [&hellip;]<\/p>\n","protected":false},"author":1,"featured_media":0,"parent":841,"menu_order":0,"comment_status":"closed","ping_status":"closed","template":"","meta":{"_acf_changed":false,"footnotes":""},"categories":[],"class_list":["post-743","page","type-page","status-publish","hentry"],"acf":[],"_links":{"self":[{"href":"https:\/\/sites.igc.ufmg.br\/posgeol\/wp-json\/wp\/v2\/pages\/743","targetHints":{"allow":["GET"]}}],"collection":[{"href":"https:\/\/sites.igc.ufmg.br\/posgeol\/wp-json\/wp\/v2\/pages"}],"about":[{"href":"https:\/\/sites.igc.ufmg.br\/posgeol\/wp-json\/wp\/v2\/types\/page"}],"author":[{"embeddable":true,"href":"https:\/\/sites.igc.ufmg.br\/posgeol\/wp-json\/wp\/v2\/users\/1"}],"replies":[{"embeddable":true,"href":"https:\/\/sites.igc.ufmg.br\/posgeol\/wp-json\/wp\/v2\/comments?post=743"}],"version-history":[{"count":26,"href":"https:\/\/sites.igc.ufmg.br\/posgeol\/wp-json\/wp\/v2\/pages\/743\/revisions"}],"predecessor-version":[{"id":2485,"href":"https:\/\/sites.igc.ufmg.br\/posgeol\/wp-json\/wp\/v2\/pages\/743\/revisions\/2485"}],"up":[{"embeddable":true,"href":"https:\/\/sites.igc.ufmg.br\/posgeol\/wp-json\/wp\/v2\/pages\/841"}],"wp:attachment":[{"href":"https:\/\/sites.igc.ufmg.br\/posgeol\/wp-json\/wp\/v2\/media?parent=743"}],"wp:term":[{"taxonomy":"category","embeddable":true,"href":"https:\/\/sites.igc.ufmg.br\/posgeol\/wp-json\/wp\/v2\/categories?post=743"}],"curies":[{"name":"wp","href":"https:\/\/api.w.org\/{rel}","templated":true}]}}