{"id":751,"date":"2018-04-03T10:09:39","date_gmt":"2018-04-03T13:09:39","guid":{"rendered":"https:\/\/sites.igc.ufmg.br\/geologia\/?page_id=751\/"},"modified":"2020-10-10T01:46:12","modified_gmt":"2020-10-10T04:46:12","slug":"secretaria","status":"publish","type":"page","link":"https:\/\/sites.igc.ufmg.br\/posgeol\/o-programa\/regulamento-e-resolucoes\/secretaria\/","title":{"rendered":"Secretaria (contato)"},"content":{"rendered":"<p><span style=\"color: #414042;\"><span style=\"line-height: 19pt; font-family: arial, helvetica, sans-serif; font-size: 13pt;\">O atendimento interno e externo, presencial ou n\u00e3o, \u00e9 realizado na <span style=\"color: #800000;\"><strong>Secretaria do Colegiado do Programa de P\u00f3s-gradua\u00e7\u00e3o em Geologia (PPGEOL) da UFMG<\/strong><\/span>, de 2\u00aa a 6\u00aa feira, sempre no per\u00edodo da tarde, das 13h \u00e0s 16h, na sala 3046, localizada no 3\u00ba andar do Instituto de Geoci\u00eancias (IGC). Nos demais hor\u00e1rios, a sala est\u00e1 fechada para trabalhos internos das Secretarias dos Programas de P\u00f3s-gradua\u00e7\u00e3o do IGC\/UFMG. <\/span><\/span><\/p>\n<p><span style=\"color: #414042;\"><span style=\"line-height: 19pt; font-family: arial, helvetica, sans-serif; font-size: 13pt;\">As atividades da Secretaria do <\/span><\/span><span style=\"color: #414042;\"><span style=\"line-height: 19pt; font-family: arial, helvetica, sans-serif; font-size: 13pt;\">PPGEOL\/UFMG, em conformidade com Of\u00edcio Circular N\u00ba 11\/2020 da Pr\u00f3-reitoria de Recursos Humanos (PRORH) da UFMG, est\u00e3o sendo realizadas remotamente, como medida de preven\u00e7\u00e3o decorrente do coronav\u00edrus (COVID-19). <strong><span style=\"color: #800000;\">O atendimento presencial ser\u00e1 restabelecido conforme determina\u00e7\u00e3o da Reitoria e da PRORH da Universidade.<\/span><\/strong><\/span><\/span><\/p>\n<p><span style=\"line-height: 17pt; font-family: arial, helvetica, sans-serif; font-size: 13pt;\"><span style=\"color: #414042;\"><strong><span style=\"color: #5e5c5c;\">Telefone: <\/span><\/strong>(31) 3409-5494<br \/>\n<strong><span style=\"color: #5e5c5c;\">E-mail:<\/span><\/strong> posgeol@igc.ufmg.br<br \/>\n<strong><span style=\"color: #5e5c5c;\">Endere\u00e7o postal:<\/span><\/strong><br \/>\nPrograma de P\u00f3s-gradua\u00e7\u00e3o em Geologia<br \/>\nUniversidade Federal de Minas Gerais \u2013 Campus da Pampulha<br \/>\nInstituto de Geoci\u00eancias (IGC)<br \/>\nAv. Ant\u00f4nio Carlos, 6.627 \u2013 Pr\u00e9dio do IGC \u2013 Sala 3046 \u2013 3\u00ba andar \u2013 Pampulha<br \/>\nCEP: 31270-901 \u2013 Belo Horizonte \u2013 MG \u2013 Brasil<\/span><\/span><\/p>\n","protected":false},"excerpt":{"rendered":"<p>O atendimento interno e externo, presencial ou n\u00e3o, \u00e9 realizado na Secretaria do Colegiado do Programa de P\u00f3s-gradua\u00e7\u00e3o em Geologia (PPGEOL) da UFMG, de 2\u00aa a 6\u00aa feira, sempre no per\u00edodo da tarde, das 13h \u00e0s 16h, na sala 3046, localizada no 3\u00ba andar do Instituto de Geoci\u00eancias (IGC). Nos demais hor\u00e1rios, a sala est\u00e1 [&hellip;]<\/p>\n","protected":false},"author":1,"featured_media":0,"parent":843,"menu_order":0,"comment_status":"closed","ping_status":"closed","template":"page-sanfona.php","meta":{"_acf_changed":false,"footnotes":""},"categories":[1],"class_list":["post-751","page","type-page","status-publish","hentry","category-nao-categorizado"],"acf":[],"_links":{"self":[{"href":"https:\/\/sites.igc.ufmg.br\/posgeol\/wp-json\/wp\/v2\/pages\/751","targetHints":{"allow":["GET"]}}],"collection":[{"href":"https:\/\/sites.igc.ufmg.br\/posgeol\/wp-json\/wp\/v2\/pages"}],"about":[{"href":"https:\/\/sites.igc.ufmg.br\/posgeol\/wp-json\/wp\/v2\/types\/page"}],"author":[{"embeddable":true,"href":"https:\/\/sites.igc.ufmg.br\/posgeol\/wp-json\/wp\/v2\/users\/1"}],"replies":[{"embeddable":true,"href":"https:\/\/sites.igc.ufmg.br\/posgeol\/wp-json\/wp\/v2\/comments?post=751"}],"version-history":[{"count":4,"href":"https:\/\/sites.igc.ufmg.br\/posgeol\/wp-json\/wp\/v2\/pages\/751\/revisions"}],"predecessor-version":[{"id":2312,"href":"https:\/\/sites.igc.ufmg.br\/posgeol\/wp-json\/wp\/v2\/pages\/751\/revisions\/2312"}],"up":[{"embeddable":true,"href":"https:\/\/sites.igc.ufmg.br\/posgeol\/wp-json\/wp\/v2\/pages\/843"}],"wp:attachment":[{"href":"https:\/\/sites.igc.ufmg.br\/posgeol\/wp-json\/wp\/v2\/media?parent=751"}],"wp:term":[{"taxonomy":"category","embeddable":true,"href":"https:\/\/sites.igc.ufmg.br\/posgeol\/wp-json\/wp\/v2\/categories?post=751"}],"curies":[{"name":"wp","href":"https:\/\/api.w.org\/{rel}","templated":true}]}}