{"id":761,"date":"2018-04-03T10:11:10","date_gmt":"2018-04-03T13:11:10","guid":{"rendered":"https:\/\/sites.igc.ufmg.br\/geologia\/?page_id=761\/"},"modified":"2020-03-03T20:39:55","modified_gmt":"2020-03-03T23:39:55","slug":"biblioteca-de-teses-e-dissertacoes-do-programa","status":"publish","type":"page","link":"https:\/\/sites.igc.ufmg.br\/posgeol\/informacoes-academicas\/biblioteca-de-teses-e-dissertacoes-do-programa\/","title":{"rendered":"Biblioteca de teses e disserta\u00e7\u00f5es do Programa"},"content":{"rendered":"<p>Atendendo \u00e0 Pol\u00edtica de Informa\u00e7\u00e3o da UFMG, <span style=\"color: #333333;\">as<\/span><strong><span style=\"color: #800000;\"> Teses de Doutorado <\/span><\/strong><span style=\"color: #333333;\">e as<\/span><strong><span style=\"color: #800000;\"> Disserta\u00e7\u00f5es de Mestrado<\/span><\/strong> defendidas no <strong><span style=\"color: #800000;\">Programa de P\u00f3s-gradua\u00e7\u00e3o em Geologia<\/span> <span style=\"color: #800000;\">da UFMG<\/span><\/strong> est\u00e3o dispon\u00edveis para acesso p\u00fablico, desde que autorizada a divulga\u00e7\u00e3o pelos respectivos autores, na comunidade &#8220;<span style=\"color: #333333;\">Trabalhos Acad\u00eamicos&#8221;, no <\/span><span style=\"color: #800000;\"><a style=\"color: #800000;\" href=\"https:\/\/repositorio.ufmg.br\/\" target=\"_blank\" rel=\"noopener noreferrer\">Reposit\u00f3rio Institucional da Universidade Federal de Minas Gerais<\/a><\/span><span style=\"color: #800000;\">.<\/span><\/p>\n<p>O Reposit\u00f3rio Institucional da UFMG, criado <span style=\"color: #333333;\">pela Resolu\u00e7\u00e3o N\u00ba 11\/2019, de 10 de outubro de 2019<\/span>, cons<span style=\"color: #333333;\">titui<\/span> um ambiente que armazena a produ\u00e7\u00e3o intelectual da UFMG em formato digital e tem o prop\u00f3sito de reunir, preservar, disseminar e promover o acesso aos recursos digitais criados pela comunidade UFMG a fim de proporcionar o interc\u00e2mbio intelectual, a criatividade, o conhecimento e a inova\u00e7\u00e3o.<\/p>\n<p>No Programa de P\u00f3s-gradua\u00e7\u00e3o em Geologia da UFMG foram defendidos, desde sua cria\u00e7\u00e3o, <strong><span style=\"color: #800000;\">260 trabalhos de conclus\u00e3o de curso<\/span><\/strong>, sendo 213 disserta\u00e7\u00f5es de Mestrado e 47 teses de Doutorado.<\/p>\n","protected":false},"excerpt":{"rendered":"<p>Atendendo \u00e0 Pol\u00edtica de Informa\u00e7\u00e3o da UFMG, as Teses de Doutorado e as Disserta\u00e7\u00f5es de Mestrado defendidas no Programa de P\u00f3s-gradua\u00e7\u00e3o em Geologia da UFMG est\u00e3o dispon\u00edveis para acesso p\u00fablico, desde que autorizada a divulga\u00e7\u00e3o pelos respectivos autores, na comunidade &#8220;Trabalhos Acad\u00eamicos&#8221;, no Reposit\u00f3rio Institucional da Universidade Federal de Minas Gerais. O Reposit\u00f3rio Institucional da [&hellip;]<\/p>\n","protected":false},"author":1,"featured_media":0,"parent":845,"menu_order":0,"comment_status":"closed","ping_status":"closed","template":"page-sanfona.php","meta":{"_acf_changed":false,"footnotes":""},"categories":[1],"class_list":["post-761","page","type-page","status-publish","hentry","category-nao-categorizado"],"acf":[],"_links":{"self":[{"href":"https:\/\/sites.igc.ufmg.br\/posgeol\/wp-json\/wp\/v2\/pages\/761","targetHints":{"allow":["GET"]}}],"collection":[{"href":"https:\/\/sites.igc.ufmg.br\/posgeol\/wp-json\/wp\/v2\/pages"}],"about":[{"href":"https:\/\/sites.igc.ufmg.br\/posgeol\/wp-json\/wp\/v2\/types\/page"}],"author":[{"embeddable":true,"href":"https:\/\/sites.igc.ufmg.br\/posgeol\/wp-json\/wp\/v2\/users\/1"}],"replies":[{"embeddable":true,"href":"https:\/\/sites.igc.ufmg.br\/posgeol\/wp-json\/wp\/v2\/comments?post=761"}],"version-history":[{"count":8,"href":"https:\/\/sites.igc.ufmg.br\/posgeol\/wp-json\/wp\/v2\/pages\/761\/revisions"}],"predecessor-version":[{"id":1637,"href":"https:\/\/sites.igc.ufmg.br\/posgeol\/wp-json\/wp\/v2\/pages\/761\/revisions\/1637"}],"up":[{"embeddable":true,"href":"https:\/\/sites.igc.ufmg.br\/posgeol\/wp-json\/wp\/v2\/pages\/845"}],"wp:attachment":[{"href":"https:\/\/sites.igc.ufmg.br\/posgeol\/wp-json\/wp\/v2\/media?parent=761"}],"wp:term":[{"taxonomy":"category","embeddable":true,"href":"https:\/\/sites.igc.ufmg.br\/posgeol\/wp-json\/wp\/v2\/categories?post=761"}],"curies":[{"name":"wp","href":"https:\/\/api.w.org\/{rel}","templated":true}]}}