{"id":763,"date":"2018-04-03T10:11:23","date_gmt":"2018-04-03T13:11:23","guid":{"rendered":"https:\/\/sites.igc.ufmg.br\/geologia\/?page_id=763\/"},"modified":"2021-01-11T03:16:33","modified_gmt":"2021-01-11T06:16:33","slug":"links-de-interesse","status":"publish","type":"page","link":"https:\/\/sites.igc.ufmg.br\/posgeol\/informacoes-academicas\/links-de-interesse\/","title":{"rendered":"Links de interesse"},"content":{"rendered":"<p>\u00a0<\/p>\n<table style=\"height: 454px; width: 132.52%; border-color: #fcfcfc;\">\n<tbody>\n<tr style=\"border-color: #ffffff; height: 85px; background-color: #ffffff;\">\n<td style=\"width: 10.3024%; border-color: #ffffff; height: 80px; background-color: #ffffff;\" scope=\"row\">\n<p>\u00a0<\/p>\n<p><span style=\"font-family: arial, helvetica, sans-serif; font-size: 10pt;\"><img loading=\"lazy\" decoding=\"async\" class=\"wp-image-2848 aligncenter\" src=\"https:\/\/sites.igc.ufmg.br\/posgeol\/wp-content\/uploads\/2021\/01\/ufmg.png\" alt=\"\" width=\"142\" height=\"141\" srcset=\"https:\/\/sites.igc.ufmg.br\/posgeol\/wp-content\/uploads\/2021\/01\/ufmg.png 297w, https:\/\/sites.igc.ufmg.br\/posgeol\/wp-content\/uploads\/2021\/01\/ufmg-150x150.png 150w\" sizes=\"auto, (max-width: 142px) 100vw, 142px\" \/><\/span><\/p>\n<\/td>\n<td style=\"width: 34.1883%; border-color: #ffffff; height: 80px; background-color: #ffffff;\" scope=\"row\">\n<p style=\"text-align: justify;\"><strong><span style=\"line-height: 8pt; font-family: arial, helvetica, sans-serif; font-size: 14pt; color: #800000;\">Universidade Federal de Minas Gerais<\/span><\/strong><\/p>\n<p style=\"text-align: justify;\"><span style=\"line-height: 18pt; font-family: arial, helvetica, sans-serif; font-size: 12pt;\"><span style=\"color: #414042;\">A UFMG \u00e9 a institui\u00e7\u00e3o p\u00fablica de ensino superior gratuito mais antiga do estado de Minas Gerais. Fundada em 7 de setembro de 1927, a institui\u00e7\u00e3o \u00e9 lideran\u00e7a regional e nacional em ensino, extens\u00e3o, cultura, pesquisa cient\u00edfica e gera\u00e7\u00e3o de patentes, em diversas \u00e1reas do conhecimento. Sua comunidade re\u00fane cerca de 72 mil pessoas nas cidades de Belo Horizonte, Montes Claros, Diamantina e Tiradentes, que se organizam em torno de 77 cursos de gradua\u00e7\u00e3o, 80 programas de p\u00f3s-gradua\u00e7\u00e3o, e mais de 750 n\u00facleos de pesquisa. <span style=\"color: #c90e0e;\">Acesse o site da Universidade <span style=\"text-decoration: underline;\"><strong><a style=\"color: #c90e0e; text-decoration: underline;\" href=\"https:\/\/ufmg.br\/\" target=\"_blank\" rel=\"noopener noreferrer\">AQUI<\/a><\/strong><\/span><\/span>.<\/span><\/span><\/p>\n<\/td>\n<\/tr>\n<tr style=\"border-color: #ffffff; height: 85px; background-color: #ffffff;\">\n<td style=\"width: 10.3024%; border-color: #ffffff; height: 80px; background-color: #ffffff;\">\n<p>\u00a0<\/p>\n<p><span style=\"font-family: arial, helvetica, sans-serif; font-size: 10pt;\"><img loading=\"lazy\" decoding=\"async\" class=\"wp-image-2857 aligncenter\" src=\"https:\/\/sites.igc.ufmg.br\/posgeol\/wp-content\/uploads\/2021\/01\/prpg1.png\" alt=\"\" width=\"142\" height=\"142\" srcset=\"https:\/\/sites.igc.ufmg.br\/posgeol\/wp-content\/uploads\/2021\/01\/prpg1.png 300w, https:\/\/sites.igc.ufmg.br\/posgeol\/wp-content\/uploads\/2021\/01\/prpg1-150x150.png 150w\" sizes=\"auto, (max-width: 142px) 100vw, 142px\" \/><\/span><\/p>\n<p>\u00a0<\/p>\n<\/td>\n<td style=\"width: 34.1883%; border-color: #ffffff; height: 80px; background-color: #ffffff;\">\n<p style=\"text-align: justify;\"><strong><span style=\"line-height: 8pt; font-family: arial, helvetica, sans-serif; font-size: 14pt; color: #800000;\">Pr\u00f3-reitoria de P\u00f3s-gradua\u00e7\u00e3o da UFMG<\/span><\/strong><\/p>\n<p style=\"text-align: justify;\"><span style=\"line-height: 18pt; font-family: arial, helvetica, sans-serif; font-size: 12pt;\"><span style=\"color: #414042;\">Respons\u00e1vel pela coordena\u00e7\u00e3o das pol\u00edticas e normas para o funcionamento dos programas de p\u00f3s-gradua\u00e7\u00e3o da UFMG, a Pr\u00f3-reitoria de P\u00f3s-gradua\u00e7\u00e3o (PRPg), \u00f3rg\u00e3o de Administra\u00e7\u00e3o Superior da Universidade, tem por objetivo contribuir para a forma\u00e7\u00e3o de profissionais altamente qualificados para pesquisa, ensino e atua\u00e7\u00e3o profissional. Por meio dos editais <span style=\"color: #c90e0e;\">PADO<\/span> e <span style=\"color: #c90e0e;\">PADOC-Jr<\/span>, apoia doutorandos e docentes com perfil j\u00fanior, para participa\u00e7\u00e3o em eventos cient\u00edficos do pa\u00eds e exterior. Na Universidade, em parceria com a Capes, desenvolve e coordena os Programas de Internacionaliza\u00e7\u00e3o <span style=\"color: #c90e0e;\">Capes\/PrInt e PDSE<\/span>. <span style=\"color: #c90e0e;\">Acesse o site da PRPg <span style=\"text-decoration: underline;\"><strong><a style=\"color: #c90e0e; text-decoration: underline;\" href=\"https:\/\/www.ufmg.br\/prpg\/\" target=\"_blank\" rel=\"noopener noreferrer\">AQUI<\/a><\/strong><\/span><\/span>.\u00a0<\/span><\/span><\/p>\n<\/td>\n<\/tr>\n<tr style=\"border-color: #ffffff; height: 85px; background-color: #ffffff;\">\n<td style=\"width: 10.3024%; border-color: #ffffff; height: 80px; background-color: #ffffff;\">\n<p>\u00a0<\/p>\n<p><span style=\"font-family: arial, helvetica, sans-serif; font-size: 10pt;\"><img loading=\"lazy\" decoding=\"async\" class=\"wp-image-2871 aligncenter\" src=\"https:\/\/sites.igc.ufmg.br\/posgeol\/wp-content\/uploads\/2021\/01\/igc.png\" alt=\"\" width=\"142\" height=\"142\" srcset=\"https:\/\/sites.igc.ufmg.br\/posgeol\/wp-content\/uploads\/2021\/01\/igc.png 301w, https:\/\/sites.igc.ufmg.br\/posgeol\/wp-content\/uploads\/2021\/01\/igc-150x150.png 150w\" sizes=\"auto, (max-width: 142px) 100vw, 142px\" \/><\/span><\/p>\n<\/td>\n<td style=\"width: 34.1883%; border-color: #ffffff; height: 80px; background-color: #ffffff;\">\n<p style=\"text-align: justify;\"><strong><span style=\"line-height: 8pt; font-family: arial, helvetica, sans-serif; font-size: 14pt; color: #800000;\">Instituto de Geoci\u00eancias da UFMG<\/span><\/strong><\/p>\n<p style=\"text-align: justify;\"><span style=\"line-height: 18pt; font-family: arial, helvetica, sans-serif; font-size: 12pt;\"><span style=\"color: #414042;\">O Instituto de Geoci\u00eancias tem por finalidades prec\u00edpuas a gera\u00e7\u00e3o, o desenvolvimento, a transmiss\u00e3o e a aplica\u00e7\u00e3o de conhecimentos em Ci\u00eancias da Terra por meio do ensino, da pesquisa e da extens\u00e3o, compreendidos de forma indissociada e integrados na educa\u00e7\u00e3o e na forma\u00e7\u00e3o t\u00e9cnico-profissional dos cidad\u00e3os, bem como na difus\u00e3o da cultura e na cria\u00e7\u00e3o filos\u00f3fica e tecnol\u00f3gica. O IGC abriga os cursos de gradua\u00e7\u00e3o em Geologia, Geografia e Turismo e os cursos de Mestrado e Doutorado dos Programas de P\u00f3s-gradua\u00e7\u00e3o em Geologia, Geografia e An\u00e1lise e Modelagem de Sistemas Ambientais.\u00a0<span style=\"color: #c90e0e;\">Acesse o site do Instituto <span style=\"text-decoration: underline;\"><strong><a style=\"color: #c90e0e; text-decoration: underline;\" href=\"https:\/\/www.ufmg.br\/prpg\/\" target=\"_blank\" rel=\"noopener noreferrer\">AQUI<\/a><\/strong><\/span><\/span>.\u00a0<\/span><\/span><\/p>\n<\/td>\n<\/tr>\n<tr style=\"border-color: #ffffff; height: 85px; background-color: #ffffff;\">\n<td style=\"width: 10.3024%; border-color: #ffffff; height: 80px; background-color: #ffffff;\">\n<p>\u00a0<\/p>\n<p><span style=\"font-family: arial, helvetica, sans-serif; font-size: 10pt;\"><img loading=\"lazy\" decoding=\"async\" class=\"wp-image-2891 aligncenter\" src=\"https:\/\/sites.igc.ufmg.br\/posgeol\/wp-content\/uploads\/2021\/01\/cpmtc-1.png\" alt=\"\" width=\"142\" height=\"142\" srcset=\"https:\/\/sites.igc.ufmg.br\/posgeol\/wp-content\/uploads\/2021\/01\/cpmtc-1.png 600w, https:\/\/sites.igc.ufmg.br\/posgeol\/wp-content\/uploads\/2021\/01\/cpmtc-1-480x480.png 480w, https:\/\/sites.igc.ufmg.br\/posgeol\/wp-content\/uploads\/2021\/01\/cpmtc-1-150x150.png 150w\" sizes=\"auto, (max-width: 142px) 100vw, 142px\" \/><\/span><\/p>\n<p>\u00a0<\/p>\n<\/td>\n<td style=\"width: 34.1883%; border-color: #ffffff; height: 80px; background-color: #ffffff;\">\n<p style=\"text-align: justify;\"><strong><span style=\"line-height: 15pt; font-family: arial, helvetica, sans-serif; font-size: 14pt; color: #800000;\">Centro de Pesquisas Professor Manoel Teixeira da Costa<\/span><\/strong><\/p>\n<p style=\"text-align: justify;\"><span style=\"line-height: 18pt; font-family: arial, helvetica, sans-serif; font-size: 12pt;\"><span style=\"color: #414042;\">O Centro de Pesquisas Professor Manoel Teixeira da Costa (CPMTC), \u00f3rg\u00e3o complementar do Instituto de Geoci\u00eancias da UFMG, foi criado em 1981 pelo Prof. Jos\u00e9 Marques Correia Neves e institucionalizado em 14 de maio de 1987. Em seus mais de 13 laborat\u00f3rios, os docentes e pesquisadores internos e externos \u00e0 Universidade, vinculados ao CPMTC, desenvolvem projetos de pesquisa e extens\u00e3o com a participa\u00e7\u00e3o de graduandos e p\u00f3s-graduandos. Das iniciativas realizadas no CPMTC, resultam TCCs, disserta\u00e7\u00f5es e teses de orientandos dos docentes vinculados ao \u00f3rg\u00e3o, que tamb\u00e9m presta servi\u00e7os em Geologia e \u00e1reas afins das Geoci\u00eancias. <span style=\"color: #c90e0e;\">O site do CPMTC pode ser acessado <span style=\"text-decoration: underline;\"><strong><a style=\"color: #c90e0e; text-decoration: underline;\" href=\"http:\/\/cpmtc-igc-ufmg.org\/\" target=\"_blank\" rel=\"noopener noreferrer\">AQUI<\/a><\/strong><\/span><\/span>.\u00a0<\/span><\/span><\/p>\n<\/td>\n<\/tr>\n<tr style=\"border-color: #ffffff; height: 85px; background-color: #ffffff;\">\n<td style=\"width: 10.3024%; border-color: #ffffff; height: 67px; background-color: #ffffff;\">\n<p><span style=\"font-family: arial, helvetica, sans-serif; font-size: 10pt;\"><img loading=\"lazy\" decoding=\"async\" class=\"wp-image-2934 aligncenter\" src=\"https:\/\/sites.igc.ufmg.br\/posgeol\/wp-content\/uploads\/2021\/01\/SEM-POS.png\" alt=\"\" width=\"142\" height=\"142\" srcset=\"https:\/\/sites.igc.ufmg.br\/posgeol\/wp-content\/uploads\/2021\/01\/SEM-POS.png 301w, https:\/\/sites.igc.ufmg.br\/posgeol\/wp-content\/uploads\/2021\/01\/SEM-POS-150x150.png 150w\" sizes=\"auto, (max-width: 142px) 100vw, 142px\" \/><\/span><\/p>\n<\/td>\n<td style=\"width: 34.1883%; border-color: #ffffff; height: 67px; background-color: #ffffff;\">\n<p style=\"text-align: justify;\"><strong><span style=\"line-height: 8pt; font-family: arial, helvetica, sans-serif; font-size: 14pt; color: #800000;\">Semana da P\u00f3s-gradua\u00e7\u00e3o em Geologia da UFMG<\/span><\/strong><\/p>\n<p style=\"text-align: justify;\"><span style=\"line-height: 18pt; font-family: arial, helvetica, sans-serif; font-size: 12pt;\"><span style=\"color: #414042;\">Evento fixo no calend\u00e1rio acad\u00eamico do Programa, a Semana da P\u00f3s-gradua\u00e7\u00e3o em Geologia, atividade de extens\u00e3o do PPGEOL\/UFMG, \u00e9 realizada pelos mestrandos e doutorandos em parceria com a Coordena\u00e7\u00e3o do Programa, e tem como objetivo dar visibilidade \u00e0s pesquisas desenvolvidas na P\u00f3s-gradua\u00e7\u00e3o, promover o interc\u00e2mbio de conhecimento e a intera\u00e7\u00e3o entre docentes, discentes e pesquisadores convidados para palestras e mesas-redondas. <span style=\"color: #c90e0e;\">O site da Semana da P\u00f3s-gradua\u00e7\u00e3o em Geologia pode ser acessado <span style=\"text-decoration: underline;\"><strong><a style=\"color: #c90e0e; text-decoration: underline;\" href=\"http:\/\/twixar.me\/sC0T\" target=\"_blank\" rel=\"noopener noreferrer\">AQUI<\/a><\/strong><\/span><\/span>.\u00a0<\/span><\/span><\/p>\n<\/td>\n<\/tr>\n<tr style=\"border-color: #ffffff; height: 85px; background-color: #ffffff;\">\n<td style=\"width: 10.3024%; border-color: #ffffff; height: 67px; background-color: #ffffff;\">\n<p><span style=\"font-family: arial, helvetica, sans-serif; font-size: 10pt;\"><img loading=\"lazy\" decoding=\"async\" class=\"wp-image-2929 aligncenter\" src=\"https:\/\/sites.igc.ufmg.br\/posgeol\/wp-content\/uploads\/2021\/01\/geonomos-.png\" alt=\"\" width=\"142\" height=\"141\" srcset=\"https:\/\/sites.igc.ufmg.br\/posgeol\/wp-content\/uploads\/2021\/01\/geonomos-.png 301w, https:\/\/sites.igc.ufmg.br\/posgeol\/wp-content\/uploads\/2021\/01\/geonomos--150x150.png 150w\" sizes=\"auto, (max-width: 142px) 100vw, 142px\" \/><\/span><\/p>\n<\/td>\n<td style=\"width: 34.1883%; border-color: #ffffff; height: 67px; background-color: #ffffff;\">\n<p style=\"text-align: justify;\"><strong><span style=\"line-height: 8pt; font-family: arial, helvetica, sans-serif; font-size: 14pt; color: #800000;\">Revista Geonomos<\/span><\/strong><\/p>\n<p style=\"text-align: justify;\"><span style=\"line-height: 18pt; font-family: arial, helvetica, sans-serif; font-size: 12pt;\"><span style=\"color: #414042;\">Publica\u00e7\u00e3o do Centro de Pesquisas Professor Manoel Teixeira da Costa (CPMTC), do Instituto de Geoci\u00eancias (IGC) da Universidade Federal de Minas Gerais UFMG, a Revista Geonomos tem como objetivo a dissemina\u00e7\u00e3o da produ\u00e7\u00e3o cient\u00edfica original, de amplo interesse, relacionada \u00e0s Geoci\u00eancias. S\u00e3o publicados artigos, discuss\u00f5es, notas t\u00e9cnicas e cient\u00edficas de natureza geocient\u00edfica. <span style=\"color: #c90e0e;\">Acesse o site da Geonomos <span style=\"text-decoration: underline;\"><strong><a style=\"color: #c90e0e; text-decoration: underline;\" href=\"https:\/\/periodicos.ufmg.br\/index.php\/revistageonomos\/index\" target=\"_blank\" rel=\"noopener noreferrer\">AQUI<\/a><\/strong><\/span><\/span>.\u00a0<\/span><\/span><\/p>\n<\/td>\n<\/tr>\n<\/tbody>\n<\/table>\n\n\n<p><\/p>\n","protected":false},"excerpt":{"rendered":"<p>\u00a0 \u00a0 Universidade Federal de Minas Gerais A UFMG \u00e9 a institui\u00e7\u00e3o p\u00fablica de ensino superior gratuito mais antiga do estado de Minas Gerais. Fundada em 7 de setembro de 1927, a institui\u00e7\u00e3o \u00e9 lideran\u00e7a regional e nacional em ensino, extens\u00e3o, cultura, pesquisa cient\u00edfica e gera\u00e7\u00e3o de patentes, em diversas \u00e1reas do conhecimento. Sua comunidade [&hellip;]<\/p>\n","protected":false},"author":1,"featured_media":0,"parent":845,"menu_order":0,"comment_status":"closed","ping_status":"closed","template":"","meta":{"_acf_changed":false,"footnotes":""},"categories":[],"class_list":["post-763","page","type-page","status-publish","hentry"],"acf":[],"_links":{"self":[{"href":"https:\/\/sites.igc.ufmg.br\/posgeol\/wp-json\/wp\/v2\/pages\/763","targetHints":{"allow":["GET"]}}],"collection":[{"href":"https:\/\/sites.igc.ufmg.br\/posgeol\/wp-json\/wp\/v2\/pages"}],"about":[{"href":"https:\/\/sites.igc.ufmg.br\/posgeol\/wp-json\/wp\/v2\/types\/page"}],"author":[{"embeddable":true,"href":"https:\/\/sites.igc.ufmg.br\/posgeol\/wp-json\/wp\/v2\/users\/1"}],"replies":[{"embeddable":true,"href":"https:\/\/sites.igc.ufmg.br\/posgeol\/wp-json\/wp\/v2\/comments?post=763"}],"version-history":[{"count":77,"href":"https:\/\/sites.igc.ufmg.br\/posgeol\/wp-json\/wp\/v2\/pages\/763\/revisions"}],"predecessor-version":[{"id":2950,"href":"https:\/\/sites.igc.ufmg.br\/posgeol\/wp-json\/wp\/v2\/pages\/763\/revisions\/2950"}],"up":[{"embeddable":true,"href":"https:\/\/sites.igc.ufmg.br\/posgeol\/wp-json\/wp\/v2\/pages\/845"}],"wp:attachment":[{"href":"https:\/\/sites.igc.ufmg.br\/posgeol\/wp-json\/wp\/v2\/media?parent=763"}],"wp:term":[{"taxonomy":"category","embeddable":true,"href":"https:\/\/sites.igc.ufmg.br\/posgeol\/wp-json\/wp\/v2\/categories?post=763"}],"curies":[{"name":"wp","href":"https:\/\/api.w.org\/{rel}","templated":true}]}}