{"id":765,"date":"2018-04-03T10:11:37","date_gmt":"2018-04-03T13:11:37","guid":{"rendered":"https:\/\/sites.igc.ufmg.br\/geologia\/?page_id=765\/"},"modified":"2024-04-19T04:06:21","modified_gmt":"2024-04-19T07:06:21","slug":"corpo-docente","status":"publish","type":"page","link":"https:\/\/sites.igc.ufmg.br\/posgeol\/pessoas\/corpo-docente\/","title":{"rendered":"Docentes"},"content":{"rendered":"<p><span style=\"color: #414042;\"><span style=\"line-height: 19pt; font-family: arial, helvetica, sans-serif; font-size: 13pt;\">O corpo docente do Programa de P\u00f3s-gradua\u00e7\u00e3o em Geologia do IGC\/UFMG \u00e9 formado por professores\/pesquisadores credenciados nas categorias permanente e colaborador.<\/span><\/span><\/p>\n\n\n<p><\/p>\n","protected":false},"excerpt":{"rendered":"<p>O corpo docente do Programa de P\u00f3s-gradua\u00e7\u00e3o em Geologia do IGC\/UFMG \u00e9 formado por professores\/pesquisadores credenciados nas categorias permanente e colaborador.<\/p>\n","protected":false},"author":2,"featured_media":0,"parent":961,"menu_order":0,"comment_status":"closed","ping_status":"closed","template":"page-sanfona.php","meta":{"_acf_changed":false,"footnotes":""},"categories":[53],"class_list":["post-765","page","type-page","status-publish","hentry","category-docentes"],"acf":[],"_links":{"self":[{"href":"https:\/\/sites.igc.ufmg.br\/posgeol\/wp-json\/wp\/v2\/pages\/765","targetHints":{"allow":["GET"]}}],"collection":[{"href":"https:\/\/sites.igc.ufmg.br\/posgeol\/wp-json\/wp\/v2\/pages"}],"about":[{"href":"https:\/\/sites.igc.ufmg.br\/posgeol\/wp-json\/wp\/v2\/types\/page"}],"author":[{"embeddable":true,"href":"https:\/\/sites.igc.ufmg.br\/posgeol\/wp-json\/wp\/v2\/users\/2"}],"replies":[{"embeddable":true,"href":"https:\/\/sites.igc.ufmg.br\/posgeol\/wp-json\/wp\/v2\/comments?post=765"}],"version-history":[{"count":20,"href":"https:\/\/sites.igc.ufmg.br\/posgeol\/wp-json\/wp\/v2\/pages\/765\/revisions"}],"predecessor-version":[{"id":3093,"href":"https:\/\/sites.igc.ufmg.br\/posgeol\/wp-json\/wp\/v2\/pages\/765\/revisions\/3093"}],"up":[{"embeddable":true,"href":"https:\/\/sites.igc.ufmg.br\/posgeol\/wp-json\/wp\/v2\/pages\/961"}],"wp:attachment":[{"href":"https:\/\/sites.igc.ufmg.br\/posgeol\/wp-json\/wp\/v2\/media?parent=765"}],"wp:term":[{"taxonomy":"category","embeddable":true,"href":"https:\/\/sites.igc.ufmg.br\/posgeol\/wp-json\/wp\/v2\/categories?post=765"}],"curies":[{"name":"wp","href":"https:\/\/api.w.org\/{rel}","templated":true}]}}