{"id":843,"date":"2018-04-09T13:55:45","date_gmt":"2018-04-09T16:55:45","guid":{"rendered":"https:\/\/sites.igc.ufmg.br\/geologia\/?page_id=843\/"},"modified":"2025-08-18T13:32:17","modified_gmt":"2025-08-18T16:32:17","slug":"regulamento-e-resolucoes","status":"publish","type":"page","link":"https:\/\/sites.igc.ufmg.br\/posgeol\/o-programa\/regulamento-e-resolucoes\/","title":{"rendered":"Regulamento e resolu\u00e7\u00f5es"},"content":{"rendered":"<p><span style=\"font-size: 12pt;\"><a href=\"http:\/\/sites.igc.ufmg.br\/posgeol\/wp-content\/uploads\/2024\/11\/RESUMO-DAS-PRINCIPAIS-REGRAS-DO-PPGEOL.pdf\" target=\"_blank\" rel=\"noopener\">RESUMO DAS PRINCIPAIS REGRAS DO PPGEOL\/UFMG<\/a><\/span><\/p>\n<p><span style=\"font-size: 14px;\"><a style=\"font-size: 16px;\" href=\"https:\/\/sites.igc.ufmg.br\/posgeol\/wp-content\/uploads\/2020\/03\/Regulamento_Geologia_aprovado_CPG_24_03_2014.pdf\" target=\"_blank\" rel=\"noopener noreferrer\">Regulamento do Programa de P\u00f3s-gradua\u00e7\u00e3o em Geologia<\/a> <\/span><span style=\"font-size: 12pt;\">\u00a0<span style=\"font-size: 10pt;\">&#8211; <strong><em><span style=\"color: #ff0000;\">normas v\u00e1lidas at\u00e9 2022 e que recaem apenas para discentes que ingressaram, nos cursos de Mestrado e Doutorado do PPGeol\/UFMG, at\u00e9 o referido ano<\/span><\/em><\/strong><\/span><\/span><\/p>\n<p><span style=\"font-size: 14px;\"><a href=\"http:\/\/sites.igc.ufmg.br\/posgeol\/wp-content\/uploads\/2025\/08\/REGULAMENTO-PPGEOL-FINAL-Aprovado-18-02-2025.pdf\">Regulamento do Programa de P\u00f3s-gradua\u00e7\u00e3o em Geologia<\/a> <\/span><span style=\"font-size: 12pt;\">\u00a0<span style=\"font-size: 10pt;\">&#8211; <span style=\"color: #0000ff;\"><strong><em>normas v\u00e1lidas a partir de 2023 e recaem para discentes que ingressaram, nos cursos de Mestrado e Doutorado do PPGeol\/UFMG, a partir de 2023<\/em><\/strong><\/span><\/span><\/span><\/p>\n<p><span style=\"font-size: 12pt;\"><a href=\"http:\/\/sites.igc.ufmg.br\/posgeol\/wp-content\/uploads\/2024\/11\/RESOLUCAO-PPGEOL-CRITERIOS-PARA-ALOCACAO-DE-VAGAS-PARA-ORIENTACAO-PELO-CORPO-DOCENTE.pdf\" target=\"_blank\" rel=\"noopener\">Resoluc\u0327a\u0303o de crite\u0301rios para alocac\u0327a\u0303o de vagas para orientac\u0327a\u0303o pelo corpo docente do Programa<\/a><\/span><\/p>\n<p><span style=\"font-size: 14px;\"><span style=\"font-size: 14px;\"><a style=\"font-size: 16px;\" href=\"https:\/\/sites.igc.ufmg.br\/posgeol\/wp-content\/uploads\/2020\/03\/Resolu\u00e7\u00e3oCrit\u00e9rios-de-Credenciamento-de-Docentes-no-Programa-de-P\u00f3s-gradua\u00e7\u00e3o-em-Geologia.pdf\" target=\"_blank\" rel=\"noopener noreferrer\">Resolu\u00e7\u00e3o de Bolsas do Programa de P\u00f3s-gradua\u00e7\u00e3o em Geologia<\/a> &#8211; <span style=\"color: #ff0000; font-size: 10pt;\"><strong><em>atualizada em 03\/08\/2023<\/em><\/strong><\/span><\/span><\/span><\/p>\n<p><span style=\"font-size: 12pt;\"><a href=\"http:\/\/sites.igc.ufmg.br\/posgeol\/wp-content\/uploads\/2024\/11\/RESOLUCAO-001-2024-PPGEOL-DISTRIBUICAO-DE-BOLSAS.pdf\" target=\"_blank\" rel=\"noopener\">Resoluc\u0327a\u0303o de distribui\u00e7\u00e3o de bolsas do PPGeol que normatiza o ac\u00famulo de bolsas com atividades remuneradas ou outros rendimentos<\/a><\/span><\/p>\n<p><span style=\"font-size: 12pt;\"><a href=\"http:\/\/sites.igc.ufmg.br\/posgeol\/wp-content\/uploads\/2024\/11\/RESOLUCAO-PPGEOL-ESTRUTURA-DE-DISSERTACAO-E-TESES-REGRAS-E-PRAZOS-DE-DEFESAS.pdf\" target=\"_blank\" rel=\"noopener\">Resolu\u00e7\u00e3o de estrutura\u00e7\u00e3o de disserta\u00e7\u00e3o e teses, regras e prazos de defesas<\/a><\/span><\/p>\n<p><span style=\"font-size: 12pt;\"><a href=\"http:\/\/sites.igc.ufmg.br\/posgeol\/wp-content\/uploads\/2024\/11\/RESOLUCAO-PPGEOL-Residencia-Pos-doutoral.pdf\" target=\"_blank\" rel=\"noopener\">Resolu\u00e7\u00e3o de resid\u00eancia p\u00f3s-doutoral no PPGeol\/UFMG<\/a><\/span><\/p>\n<p><span style=\"font-size: 12pt;\"><a href=\"http:\/\/sites.igc.ufmg.br\/posgeol\/wp-content\/uploads\/2024\/11\/RESOLUCAO-PPGEOL-CURSO-ESPECIALIZACAO-LATO-SENSU.pdf\" target=\"_blank\" rel=\"noopener\">Resolu\u00e7\u00e3o de cria\u00e7\u00e3o e realiza\u00e7\u00e3o de especializa\u00e7\u00e3o Lato Sensu no PPGeol\/UFMG<\/a><\/span><\/p>\n<p><span style=\"font-size: 14px;\"><span style=\"font-size: 14px;\"><span style=\"font-size: 14px;\"><a style=\"font-size: 16px;\" href=\"https:\/\/sites.igc.ufmg.br\/posgeol\/wp-content\/uploads\/2020\/03\/Resolu\u00e7\u00e3oCrit\u00e9rios-de-Credenciamento-de-Docentes-no-Programa-de-P\u00f3s-gradua\u00e7\u00e3o-em-Geologia.pdf\" target=\"_blank\" rel=\"noopener noreferrer\">Resolu\u00e7\u00e3o\/Crit\u00e9rios de Credenciamento de Docentes no Programa de P\u00f3s-gradua\u00e7\u00e3o em Geologia<\/a> <\/span><\/span><\/span><\/p>\n<p><span style=\"font-size: 14px;\"><span style=\"font-size: 14px;\"><span style=\"font-size: 14px;\"><span style=\"font-size: 14px;\"><a style=\"font-size: 16px;\" href=\"https:\/\/sites.igc.ufmg.br\/posgeol\/wp-content\/uploads\/2020\/03\/Resolu\u00e7\u00e3o-012014-Crit\u00e9rios-sele\u00e7\u00e3o-de-candidatos-PEC-PG.pdf\" target=\"_blank\" rel=\"noopener noreferrer\">Resolu\u00e7\u00e3o 01\/2014- Crit\u00e9rios sele\u00e7\u00e3o de candidatos PEC-PG<\/a> <\/span><\/span><\/span><\/span><\/p>\n<p><span style=\"font-size: 14px;\"><span style=\"font-size: 14px;\"><span style=\"font-size: 14px;\"><span style=\"font-size: 14px;\"><span style=\"font-size: 14px;\"><a style=\"font-size: 16px;\" href=\"https:\/\/sites.igc.ufmg.br\/posgeol\/wp-content\/uploads\/2020\/03\/Normas-Gerais-da-P\u00f3s-gradua\u00e7\u00e3o-da-UFMG.pdf\" target=\"_blank\" rel=\"noopener noreferrer\">Normas Gerais da P\u00f3s-gradua\u00e7\u00e3o da UFMG<\/a><\/span><\/span><\/span><\/span><\/span><\/p>\n\n\n<p><\/p>\n","protected":false},"excerpt":{"rendered":"<p>RESUMO DAS PRINCIPAIS REGRAS DO PPGEOL\/UFMG Regulamento do Programa de P\u00f3s-gradua\u00e7\u00e3o em Geologia \u00a0&#8211; normas v\u00e1lidas at\u00e9 2022 e que recaem apenas para discentes que ingressaram, nos cursos de Mestrado e Doutorado do PPGeol\/UFMG, at\u00e9 o referido ano Regulamento do Programa de P\u00f3s-gradua\u00e7\u00e3o em Geologia \u00a0&#8211; normas v\u00e1lidas a partir de 2023 e recaem para [&hellip;]<\/p>\n","protected":false},"author":1,"featured_media":0,"parent":839,"menu_order":0,"comment_status":"closed","ping_status":"closed","template":"","meta":{"_acf_changed":false,"footnotes":""},"categories":[],"class_list":["post-843","page","type-page","status-publish","hentry"],"acf":[],"_links":{"self":[{"href":"https:\/\/sites.igc.ufmg.br\/posgeol\/wp-json\/wp\/v2\/pages\/843","targetHints":{"allow":["GET"]}}],"collection":[{"href":"https:\/\/sites.igc.ufmg.br\/posgeol\/wp-json\/wp\/v2\/pages"}],"about":[{"href":"https:\/\/sites.igc.ufmg.br\/posgeol\/wp-json\/wp\/v2\/types\/page"}],"author":[{"embeddable":true,"href":"https:\/\/sites.igc.ufmg.br\/posgeol\/wp-json\/wp\/v2\/users\/1"}],"replies":[{"embeddable":true,"href":"https:\/\/sites.igc.ufmg.br\/posgeol\/wp-json\/wp\/v2\/comments?post=843"}],"version-history":[{"count":7,"href":"https:\/\/sites.igc.ufmg.br\/posgeol\/wp-json\/wp\/v2\/pages\/843\/revisions"}],"predecessor-version":[{"id":3643,"href":"https:\/\/sites.igc.ufmg.br\/posgeol\/wp-json\/wp\/v2\/pages\/843\/revisions\/3643"}],"up":[{"embeddable":true,"href":"https:\/\/sites.igc.ufmg.br\/posgeol\/wp-json\/wp\/v2\/pages\/839"}],"wp:attachment":[{"href":"https:\/\/sites.igc.ufmg.br\/posgeol\/wp-json\/wp\/v2\/media?parent=843"}],"wp:term":[{"taxonomy":"category","embeddable":true,"href":"https:\/\/sites.igc.ufmg.br\/posgeol\/wp-json\/wp\/v2\/categories?post=843"}],"curies":[{"name":"wp","href":"https:\/\/api.w.org\/{rel}","templated":true}]}}