{"id":845,"date":"2018-04-09T13:55:57","date_gmt":"2018-04-09T16:55:57","guid":{"rendered":"https:\/\/sites.igc.ufmg.br\/geologia\/?page_id=845\/"},"modified":"2020-02-21T17:52:56","modified_gmt":"2020-02-21T20:52:56","slug":"informacoes-academicas","status":"publish","type":"page","link":"https:\/\/sites.igc.ufmg.br\/posgeol\/informacoes-academicas\/","title":{"rendered":"Informa\u00e7\u00f5es acad\u00eamicas"},"content":{"rendered":"","protected":false},"excerpt":{"rendered":"","protected":false},"author":1,"featured_media":0,"parent":0,"menu_order":0,"comment_status":"closed","ping_status":"closed","template":"","meta":{"_acf_changed":false,"footnotes":""},"categories":[],"class_list":["post-845","page","type-page","status-publish","hentry"],"acf":[],"_links":{"self":[{"href":"https:\/\/sites.igc.ufmg.br\/posgeol\/wp-json\/wp\/v2\/pages\/845","targetHints":{"allow":["GET"]}}],"collection":[{"href":"https:\/\/sites.igc.ufmg.br\/posgeol\/wp-json\/wp\/v2\/pages"}],"about":[{"href":"https:\/\/sites.igc.ufmg.br\/posgeol\/wp-json\/wp\/v2\/types\/page"}],"author":[{"embeddable":true,"href":"https:\/\/sites.igc.ufmg.br\/posgeol\/wp-json\/wp\/v2\/users\/1"}],"replies":[{"embeddable":true,"href":"https:\/\/sites.igc.ufmg.br\/posgeol\/wp-json\/wp\/v2\/comments?post=845"}],"version-history":[{"count":2,"href":"https:\/\/sites.igc.ufmg.br\/posgeol\/wp-json\/wp\/v2\/pages\/845\/revisions"}],"predecessor-version":[{"id":1185,"href":"https:\/\/sites.igc.ufmg.br\/posgeol\/wp-json\/wp\/v2\/pages\/845\/revisions\/1185"}],"wp:attachment":[{"href":"https:\/\/sites.igc.ufmg.br\/posgeol\/wp-json\/wp\/v2\/media?parent=845"}],"wp:term":[{"taxonomy":"category","embeddable":true,"href":"https:\/\/sites.igc.ufmg.br\/posgeol\/wp-json\/wp\/v2\/categories?post=845"}],"curies":[{"name":"wp","href":"https:\/\/api.w.org\/{rel}","templated":true}]}}