{"id":934,"date":"2020-01-22T17:40:21","date_gmt":"2020-01-22T20:40:21","guid":{"rendered":"https:\/\/sites.igc.ufmg.br\/posgeol\/?page_id=934\/"},"modified":"2020-10-03T02:21:20","modified_gmt":"2020-10-03T05:21:20","slug":"objetivos","status":"publish","type":"page","link":"https:\/\/sites.igc.ufmg.br\/posgeol\/objetivos\/","title":{"rendered":"Institucional"},"content":{"rendered":"<p style=\"padding-left: 40px;\"><span style=\"line-height: 19pt; font-family: arial, helvetica, sans-serif; font-size: 13pt;\"><span style=\"color: #414042;\">O Programa de P\u00f3s-Gradua\u00e7\u00e3o em Geologia da UFMG tem como miss\u00e3o e vis\u00e3o institucionais:<\/span><\/span><\/p>\n<p style=\"padding-left: 40px;\"><span style=\"color: #800000;\"><strong><span style=\"line-height: 19pt; font-family: arial, helvetica, sans-serif; font-size: 13pt;\"> Miss\u00e3o Institucional<\/span><\/strong><\/span><\/p>\n<p style=\"padding-left: 40px;\"><span style=\"line-height: 19pt; font-family: arial, helvetica, sans-serif; font-size: 13pt;\"><span style=\"color: #414042;\"><span style=\"color: #800000; font-size: 16pt;\">\u2022<\/span> Contribuir, por meio do Ensino, da Pesquisa e da Extens\u00e3o, para a forma\u00e7\u00e3o de recursos humanos capacitados para conduzir, de forma criativa e inovadora, projetos de pesquisa que se atentem e transformem a sociedade, atrav\u00e9s do desenvolvimento cient\u00edfico, educacional, tecnol\u00f3gico, econ\u00f4mico e demais iniciativas voltadas \u00e0s Geoci\u00eancias, al\u00e9m da atua\u00e7\u00e3o no mercado de trabalho na \u00e1rea de Geologia e ci\u00eancias afins.<\/span><\/span><\/p>\n<p style=\"padding-left: 40px;\"><strong><span style=\"line-height: 19pt; font-family: arial, helvetica, sans-serif; font-size: 13pt; color: #800000;\">Vis\u00e3o Institucional<\/span><\/strong><\/p>\n<p style=\"padding-left: 40px;\"><span style=\"line-height: 19pt; font-family: arial, helvetica, sans-serif; font-size: 13pt;\"><span style=\"color: #414042;\"><span style=\"color: #800000; font-size: 16pt;\">\u2022<\/span> Consolidar-se como o Programa de P\u00f3s-gradua\u00e7\u00e3o de excel\u00eancia e refer\u00eancia, em Minas Gerais, no Ensino, Pesquisa e Extens\u00e3o em Geologia, na forma\u00e7\u00e3o e capacita\u00e7\u00e3o de mestres e doutores, seja para atua\u00e7\u00e3o no campo acad\u00eamico, seja para atua\u00e7\u00e3o no mercado de trabalho, atentos \u00e0 realidade, \u00e0s necessidades e bem-estar da comunidade, \u00e0 preserva\u00e7\u00e3o ambiental e ao progresso social.<\/span><\/span><\/p>\n<p><span style=\"font-size: 10pt;\"><span style=\"line-height: 19pt; font-family: arial, helvetica, sans-serif;\"><span style=\"line-height: 11pt; font-family: arial, helvetica, sans-serif;\"><strong>Fonte:<\/strong><\/span><\/span><\/span><span style=\"color: #414042; font-size: 10pt;\"><span style=\"line-height: 19pt; font-family: arial, helvetica, sans-serif;\"><span style=\"line-height: 17pt; font-family: arial, helvetica, sans-serif;\"><span style=\"color: #414042;\"> Plataforma Sucupira da Capes*<\/span><br \/>\n<em><span style=\"color: #5e5c5c;\"><b>*<\/b><span style=\"font-family: arial, helvetica, sans-serif; color: #414042;\">A p\u00e1gina ser\u00e1 atualizada periodicamente, conforme informa\u00e7\u00f5es inseridas na Plataforma Sucupira da Capes.<\/span><\/span><\/em><\/span><\/span><\/span><\/p>\n","protected":false},"excerpt":{"rendered":"<p>O Programa de P\u00f3s-Gradua\u00e7\u00e3o em Geologia da UFMG tem como miss\u00e3o e vis\u00e3o institucionais: Miss\u00e3o Institucional \u2022 Contribuir, por meio do Ensino, da Pesquisa e da Extens\u00e3o, para a forma\u00e7\u00e3o de recursos humanos capacitados para conduzir, de forma criativa e inovadora, projetos de pesquisa que se atentem e transformem a sociedade, atrav\u00e9s do desenvolvimento cient\u00edfico, [&hellip;]<\/p>\n","protected":false},"author":2,"featured_media":0,"parent":0,"menu_order":0,"comment_status":"closed","ping_status":"closed","template":"page-sanfona.php","meta":{"_acf_changed":false,"footnotes":""},"categories":[1],"class_list":["post-934","page","type-page","status-publish","hentry","category-nao-categorizado"],"acf":[],"_links":{"self":[{"href":"https:\/\/sites.igc.ufmg.br\/posgeol\/wp-json\/wp\/v2\/pages\/934","targetHints":{"allow":["GET"]}}],"collection":[{"href":"https:\/\/sites.igc.ufmg.br\/posgeol\/wp-json\/wp\/v2\/pages"}],"about":[{"href":"https:\/\/sites.igc.ufmg.br\/posgeol\/wp-json\/wp\/v2\/types\/page"}],"author":[{"embeddable":true,"href":"https:\/\/sites.igc.ufmg.br\/posgeol\/wp-json\/wp\/v2\/users\/2"}],"replies":[{"embeddable":true,"href":"https:\/\/sites.igc.ufmg.br\/posgeol\/wp-json\/wp\/v2\/comments?post=934"}],"version-history":[{"count":10,"href":"https:\/\/sites.igc.ufmg.br\/posgeol\/wp-json\/wp\/v2\/pages\/934\/revisions"}],"predecessor-version":[{"id":2118,"href":"https:\/\/sites.igc.ufmg.br\/posgeol\/wp-json\/wp\/v2\/pages\/934\/revisions\/2118"}],"wp:attachment":[{"href":"https:\/\/sites.igc.ufmg.br\/posgeol\/wp-json\/wp\/v2\/media?parent=934"}],"wp:term":[{"taxonomy":"category","embeddable":true,"href":"https:\/\/sites.igc.ufmg.br\/posgeol\/wp-json\/wp\/v2\/categories?post=934"}],"curies":[{"name":"wp","href":"https:\/\/api.w.org\/{rel}","templated":true}]}}