{"id":977,"date":"2020-01-24T11:59:48","date_gmt":"2020-01-24T14:59:48","guid":{"rendered":"https:\/\/sites.igc.ufmg.br\/posgeol\/?page_id=977\/"},"modified":"2022-04-24T01:21:21","modified_gmt":"2022-04-24T04:21:21","slug":"corpo-discente","status":"publish","type":"page","link":"https:\/\/sites.igc.ufmg.br\/posgeol\/pessoas\/corpo-discente\/","title":{"rendered":"Corpo discente"},"content":{"rendered":"<p><span style=\"color: #414042;\"><span style=\"line-height: 19pt; font-family: arial, helvetica, sans-serif; font-size: 13pt;\">Est\u00e3o regularmente matriculados(as), atualmente, no <span style=\"color: #6c120e;\"><strong>Programa de P\u00f3s-Gradua\u00e7\u00e3o em Geologia<\/strong><\/span> da Universidade Federal de Minas Gerais (UFMG), <span style=\"color: #800000;\"><strong>\u00a0<span style=\"color: #6c120e;\">57 discentes<\/span><\/strong><\/span>, sendo 31 no curso de Mestrado e 26 no curso de Doutorado, divididos nas \u00e1reas de concentra\u00e7\u00e3o Geologia Regional e Geologia Econ\u00f4mica e Aplicada.<\/span><\/span><\/p>\n","protected":false},"excerpt":{"rendered":"<p>Est\u00e3o regularmente matriculados(as), atualmente, no Programa de P\u00f3s-Gradua\u00e7\u00e3o em Geologia da Universidade Federal de Minas Gerais (UFMG), \u00a057 discentes, sendo 31 no curso de Mestrado e 26 no curso de Doutorado, divididos nas \u00e1reas de concentra\u00e7\u00e3o Geologia Regional e Geologia Econ\u00f4mica e Aplicada.<\/p>\n","protected":false},"author":2,"featured_media":0,"parent":961,"menu_order":0,"comment_status":"closed","ping_status":"closed","template":"page-sanfona.php","meta":{"_acf_changed":false,"footnotes":""},"categories":[48],"class_list":["post-977","page","type-page","status-publish","hentry","category-discentes"],"acf":[],"_links":{"self":[{"href":"https:\/\/sites.igc.ufmg.br\/posgeol\/wp-json\/wp\/v2\/pages\/977","targetHints":{"allow":["GET"]}}],"collection":[{"href":"https:\/\/sites.igc.ufmg.br\/posgeol\/wp-json\/wp\/v2\/pages"}],"about":[{"href":"https:\/\/sites.igc.ufmg.br\/posgeol\/wp-json\/wp\/v2\/types\/page"}],"author":[{"embeddable":true,"href":"https:\/\/sites.igc.ufmg.br\/posgeol\/wp-json\/wp\/v2\/users\/2"}],"replies":[{"embeddable":true,"href":"https:\/\/sites.igc.ufmg.br\/posgeol\/wp-json\/wp\/v2\/comments?post=977"}],"version-history":[{"count":7,"href":"https:\/\/sites.igc.ufmg.br\/posgeol\/wp-json\/wp\/v2\/pages\/977\/revisions"}],"predecessor-version":[{"id":3071,"href":"https:\/\/sites.igc.ufmg.br\/posgeol\/wp-json\/wp\/v2\/pages\/977\/revisions\/3071"}],"up":[{"embeddable":true,"href":"https:\/\/sites.igc.ufmg.br\/posgeol\/wp-json\/wp\/v2\/pages\/961"}],"wp:attachment":[{"href":"https:\/\/sites.igc.ufmg.br\/posgeol\/wp-json\/wp\/v2\/media?parent=977"}],"wp:term":[{"taxonomy":"category","embeddable":true,"href":"https:\/\/sites.igc.ufmg.br\/posgeol\/wp-json\/wp\/v2\/categories?post=977"}],"curies":[{"name":"wp","href":"https:\/\/api.w.org\/{rel}","templated":true}]}}